{"id":14479,"date":"2020-11-24T19:46:39","date_gmt":"2020-11-24T19:46:39","guid":{"rendered":"https:\/\/www.sahm-splice.com\/products\/uncategorized\/d-31-elec\/"},"modified":"2021-09-28T13:49:00","modified_gmt":"2021-09-28T11:49:00","slug":"d-31-elec","status":"publish","type":"product","link":"https:\/\/stage.sahm-splice.com\/gb\/products\/tools-accessories\/mobile-swager\/d-31-elec\/","title":{"rendered":"D 31 ELEC"},"content":{"rendered":"","protected":false},"excerpt":{"rendered":"<ul>\n<li>T\u00eate \u00e0 ouverture et fermeture rapide, rotative \u00e0 180\u00b0.<\/li>\n<li>Manchonnage en une seule passe jusqu\u2019au manchon n\u00b02,5 et jusqu\u2019au n\u00b05 en plusieurs passes.<\/li>\n<li>D\u00e9clenchement automatique avec \u00abclic\u00bb audible lorsque la force de 35 kN est atteinte.<\/li>\n<\/ul>\n","protected":false},"featured_media":14480,"template":"","meta":{"wds_primary_product_brand":0,"wds_primary_product_cat":451},"product_brand":[],"product_cat":[451],"product_tag":[],"class_list":{"0":"post-14479","1":"product","2":"type-product","3":"status-publish","4":"has-post-thumbnail","6":"product_cat-mobile-swager","8":"first","9":"instock","10":"shipping-taxable","11":"product-type-simple"},"_links":{"self":[{"href":"https:\/\/stage.sahm-splice.com\/gb\/wp-json\/wp\/v2\/product\/14479","targetHints":{"allow":["GET"]}}],"collection":[{"href":"https:\/\/stage.sahm-splice.com\/gb\/wp-json\/wp\/v2\/product"}],"about":[{"href":"https:\/\/stage.sahm-splice.com\/gb\/wp-json\/wp\/v2\/types\/product"}],"wp:featuredmedia":[{"embeddable":true,"href":"https:\/\/stage.sahm-splice.com\/gb\/wp-json\/wp\/v2\/media\/14480"}],"wp:attachment":[{"href":"https:\/\/stage.sahm-splice.com\/gb\/wp-json\/wp\/v2\/media?parent=14479"}],"wp:term":[{"taxonomy":"product_brand","embeddable":true,"href":"https:\/\/stage.sahm-splice.com\/gb\/wp-json\/wp\/v2\/product_brand?post=14479"},{"taxonomy":"product_cat","embeddable":true,"href":"https:\/\/stage.sahm-splice.com\/gb\/wp-json\/wp\/v2\/product_cat?post=14479"},{"taxonomy":"product_tag","embeddable":true,"href":"https:\/\/stage.sahm-splice.com\/gb\/wp-json\/wp\/v2\/product_tag?post=14479"}],"curies":[{"name":"wp","href":"https:\/\/api.w.org\/{rel}","templated":true}]}}