{"id":14477,"date":"2020-11-24T19:48:33","date_gmt":"2020-11-24T19:48:33","guid":{"rendered":"https:\/\/www.sahm-splice.com\/products\/uncategorized\/c-130\/"},"modified":"2021-10-05T17:33:14","modified_gmt":"2021-10-05T15:33:14","slug":"c-130","status":"publish","type":"product","link":"https:\/\/stage.sahm-splice.com\/gb\/products\/tools-accessories\/mobile-swager\/c-130\/","title":{"rendered":"C 130"},"content":{"rendered":"","protected":false},"excerpt":{"rendered":"<ul>\n<li>T\u00eate \u00e0 ouverture et fermeture rapide, rotative \u00e0 180\u00b0.<\/li>\n<li>Manchonnage en une seule passe jusqu\u2019au manchon n\u00b05.<\/li>\n<li>D\u00e9clenchement automatique avec \u00abclic\u00bb audible lorsque la force de 130 kN est atteinte.<\/li>\n<\/ul>\n","protected":false},"featured_media":14478,"template":"","meta":{"wds_primary_product_brand":0,"wds_primary_product_cat":451},"product_brand":[],"product_cat":[451],"product_tag":[],"class_list":{"0":"post-14477","1":"product","2":"type-product","3":"status-publish","4":"has-post-thumbnail","6":"product_cat-mobile-swager","8":"first","9":"instock","10":"shipping-taxable","11":"product-type-simple"},"_links":{"self":[{"href":"https:\/\/stage.sahm-splice.com\/gb\/wp-json\/wp\/v2\/product\/14477","targetHints":{"allow":["GET"]}}],"collection":[{"href":"https:\/\/stage.sahm-splice.com\/gb\/wp-json\/wp\/v2\/product"}],"about":[{"href":"https:\/\/stage.sahm-splice.com\/gb\/wp-json\/wp\/v2\/types\/product"}],"wp:featuredmedia":[{"embeddable":true,"href":"https:\/\/stage.sahm-splice.com\/gb\/wp-json\/wp\/v2\/media\/14478"}],"wp:attachment":[{"href":"https:\/\/stage.sahm-splice.com\/gb\/wp-json\/wp\/v2\/media?parent=14477"}],"wp:term":[{"taxonomy":"product_brand","embeddable":true,"href":"https:\/\/stage.sahm-splice.com\/gb\/wp-json\/wp\/v2\/product_brand?post=14477"},{"taxonomy":"product_cat","embeddable":true,"href":"https:\/\/stage.sahm-splice.com\/gb\/wp-json\/wp\/v2\/product_cat?post=14477"},{"taxonomy":"product_tag","embeddable":true,"href":"https:\/\/stage.sahm-splice.com\/gb\/wp-json\/wp\/v2\/product_tag?post=14477"}],"curies":[{"name":"wp","href":"https:\/\/api.w.org\/{rel}","templated":true}]}}