{"id":11809,"date":"2018-04-23T20:22:09","date_gmt":"2018-04-23T20:22:09","guid":{"rendered":"https:\/\/www.sahm-splice.com\/products\/non%20class\u00e9\/round\/"},"modified":"2025-06-10T14:04:47","modified_gmt":"2025-06-10T12:04:47","slug":"ronds","status":"publish","type":"product","link":"https:\/\/stage.sahm-splice.com\/fr\/produits\/manchons\/aluminium\/ronds\/","title":{"rendered":"Manchons Aluminium Ronds"},"content":{"rendered":"","protected":false},"excerpt":{"rendered":"<p>Les manchons en aluminium de forme ronde sont utilis\u00e9s pour la terminaison des c\u00e2bles m\u00e9talliques en tant que but\u00e9e ou point de rep\u00e8re.<\/p>\n<ul class=\"uk-list uk-list-bullet\">\n<li>Selon la norme d&rsquo;usine Sahm<\/li>\n<li>Fabriqu\u00e9s \u00e0 partir de tubes sans soudure<\/li>\n<li>Disponibles dans les tailles 1.5 &#8211; 40<\/li>\n<li>A manchonner avec nos <a href=\"https:\/\/www.sahm-splice.com\/fr\/produits\/outils\/matrices-de-manchonnage\/cylindrique\/\">matrices \u00ab\u00a0cylindriques\u00a0\u00bb<\/a> avec l\u00e8vres de coupe<\/li>\n<\/ul>\n","protected":false},"featured_media":12714,"template":"","meta":{"wds_primary_product_brand":0,"wds_primary_product_cat":382},"product_brand":[],"product_cat":[382],"product_tag":[],"class_list":{"0":"post-11809","1":"product","2":"type-product","3":"status-publish","4":"has-post-thumbnail","6":"product_cat-aluminium","8":"first","9":"instock","10":"shipping-taxable","11":"product-type-simple"},"_links":{"self":[{"href":"https:\/\/stage.sahm-splice.com\/fr\/wp-json\/wp\/v2\/product\/11809","targetHints":{"allow":["GET"]}}],"collection":[{"href":"https:\/\/stage.sahm-splice.com\/fr\/wp-json\/wp\/v2\/product"}],"about":[{"href":"https:\/\/stage.sahm-splice.com\/fr\/wp-json\/wp\/v2\/types\/product"}],"wp:featuredmedia":[{"embeddable":true,"href":"https:\/\/stage.sahm-splice.com\/fr\/wp-json\/wp\/v2\/media\/12714"}],"wp:attachment":[{"href":"https:\/\/stage.sahm-splice.com\/fr\/wp-json\/wp\/v2\/media?parent=11809"}],"wp:term":[{"taxonomy":"product_brand","embeddable":true,"href":"https:\/\/stage.sahm-splice.com\/fr\/wp-json\/wp\/v2\/product_brand?post=11809"},{"taxonomy":"product_cat","embeddable":true,"href":"https:\/\/stage.sahm-splice.com\/fr\/wp-json\/wp\/v2\/product_cat?post=11809"},{"taxonomy":"product_tag","embeddable":true,"href":"https:\/\/stage.sahm-splice.com\/fr\/wp-json\/wp\/v2\/product_tag?post=11809"}],"curies":[{"name":"wp","href":"https:\/\/api.w.org\/{rel}","templated":true}]}}