{"id":11807,"date":"2018-04-23T20:11:56","date_gmt":"2018-04-23T20:11:56","guid":{"rendered":"https:\/\/www.sahm-splice.com\/products\/non%20class\u00e9\/s\/"},"modified":"2025-06-10T14:04:47","modified_gmt":"2025-06-10T12:04:47","slug":"s","status":"publish","type":"product","link":"https:\/\/stage.sahm-splice.com\/fr\/produits\/manchons\/aluminium\/s\/","title":{"rendered":"Manchons Aluminium Type S"},"content":{"rendered":"","protected":false},"excerpt":{"rendered":"<p>Manchons fabriqu\u00e9s selon notre norme d&rsquo;usine avec une \u00e9paisseur de paroi r\u00e9duite.<\/p>\n<ul class=\"uk-list uk-list-bullet\">\n<li>Fabriqu\u00e9s selon la norme d&rsquo;usine Sahm<\/li>\n<li>Mati\u00e8re conforme \u00e0 la norme DIN EN 13411-3<\/li>\n<li>Fabriqu\u00e9s \u00e0 partir de tubes sans soudure<\/li>\n<li>Appropri\u00e9s pour les filets d&rsquo;aires de jeux<\/li>\n<li>N\u00e9cessite une force de manchonnage r\u00e9duite<\/li>\n<li>Disponible dans les tailles 7 &#8211; 40<\/li>\n<li>A manchonner avec nos<a href=\"https:\/\/www.sahm-splice.com\/fr\/produits\/outils\/matrices-de-manchonnage\/cylindrique\/\"> matrices \u00ab\u00a0cylindriques\u00a0\u00bb<\/a> avec l\u00e8vres de coupe ou <a href=\"https:\/\/www.sahm-splice.com\/fr\/produits\/outils\/matrices-de-manchonnage\/matrices-de-manchonnage-arrondies\/\">Matrices \u00ab\u00a0arrondies\u00a0\u00bb<\/a> (pour les terrains de jeux)<\/li>\n<\/ul>\n","protected":false},"featured_media":12706,"template":"","meta":{"wds_primary_product_brand":0,"wds_primary_product_cat":382},"product_brand":[],"product_cat":[382],"product_tag":[],"class_list":{"0":"post-11807","1":"product","2":"type-product","3":"status-publish","4":"has-post-thumbnail","6":"product_cat-aluminium","8":"first","9":"instock","10":"shipping-taxable","11":"product-type-simple"},"_links":{"self":[{"href":"https:\/\/stage.sahm-splice.com\/fr\/wp-json\/wp\/v2\/product\/11807","targetHints":{"allow":["GET"]}}],"collection":[{"href":"https:\/\/stage.sahm-splice.com\/fr\/wp-json\/wp\/v2\/product"}],"about":[{"href":"https:\/\/stage.sahm-splice.com\/fr\/wp-json\/wp\/v2\/types\/product"}],"wp:featuredmedia":[{"embeddable":true,"href":"https:\/\/stage.sahm-splice.com\/fr\/wp-json\/wp\/v2\/media\/12706"}],"wp:attachment":[{"href":"https:\/\/stage.sahm-splice.com\/fr\/wp-json\/wp\/v2\/media?parent=11807"}],"wp:term":[{"taxonomy":"product_brand","embeddable":true,"href":"https:\/\/stage.sahm-splice.com\/fr\/wp-json\/wp\/v2\/product_brand?post=11807"},{"taxonomy":"product_cat","embeddable":true,"href":"https:\/\/stage.sahm-splice.com\/fr\/wp-json\/wp\/v2\/product_cat?post=11807"},{"taxonomy":"product_tag","embeddable":true,"href":"https:\/\/stage.sahm-splice.com\/fr\/wp-json\/wp\/v2\/product_tag?post=11807"}],"curies":[{"name":"wp","href":"https:\/\/api.w.org\/{rel}","templated":true}]}}