{"id":11794,"date":"2020-04-27T14:54:12","date_gmt":"2020-04-27T14:54:12","guid":{"rendered":"https:\/\/www.sahm-splice.com\/products\/non%20class\u00e9\/upgrade\/"},"modified":"2025-06-10T14:04:41","modified_gmt":"2025-06-10T12:04:41","slug":"mise-a-jour","status":"publish","type":"product","link":"https:\/\/stage.sahm-splice.com\/fr\/produits\/bancs-de-traction\/mise-a-jour\/","title":{"rendered":"Mise \u00e0 jour"},"content":{"rendered":"","protected":false},"excerpt":{"rendered":"<p>Votre banc d&rsquo;essai a connu des jours meilleurs et vous envisagez d&rsquo;acheter un nouveau mod\u00e8le ? Une alternative \u00e9conomiquement viable peut consister \u00e0 moderniser votre banc d&rsquo;essai existant.<\/p>\n<p>En g\u00e9n\u00e9ral, le ch\u00e2ssis de la machine et le cylindre hydraulique peuvent \u00eatre r\u00e9utilis\u00e9s. Avec l&rsquo;ajout d&rsquo;un capteur de charge \u00e9lectronique, d&rsquo;un nouveau groupe hydraulique et d&rsquo;une nouvelle unit\u00e9 de commande, votre machine est pr\u00eate pour les d\u00e9fis \u00e0 venir. En particulier, un nouveau capteur de force pourrait am\u00e9liorer la pr\u00e9cision de vos relev\u00e9s de charge et les ramener en classe 1 (EN ISO 7500-1). Prenez contact avec nous &#8211; nos ing\u00e9nieurs se feront un plaisir de vous conseiller.<\/p>\n<p><span class=\"uk-text-bold uk-text-primary\">Passage de l&rsquo;ancien au nouveau !<br \/>\nContactez-nous.<\/span><\/p>\n","protected":false},"featured_media":12393,"template":"","meta":{"wds_primary_product_brand":0,"wds_primary_product_cat":388},"product_brand":[],"product_cat":[388],"product_tag":[],"class_list":{"0":"post-11794","1":"product","2":"type-product","3":"status-publish","4":"has-post-thumbnail","6":"product_cat-bancs-de-traction","8":"first","9":"instock","10":"shipping-taxable","11":"product-type-simple"},"_links":{"self":[{"href":"https:\/\/stage.sahm-splice.com\/fr\/wp-json\/wp\/v2\/product\/11794","targetHints":{"allow":["GET"]}}],"collection":[{"href":"https:\/\/stage.sahm-splice.com\/fr\/wp-json\/wp\/v2\/product"}],"about":[{"href":"https:\/\/stage.sahm-splice.com\/fr\/wp-json\/wp\/v2\/types\/product"}],"wp:featuredmedia":[{"embeddable":true,"href":"https:\/\/stage.sahm-splice.com\/fr\/wp-json\/wp\/v2\/media\/12393"}],"wp:attachment":[{"href":"https:\/\/stage.sahm-splice.com\/fr\/wp-json\/wp\/v2\/media?parent=11794"}],"wp:term":[{"taxonomy":"product_brand","embeddable":true,"href":"https:\/\/stage.sahm-splice.com\/fr\/wp-json\/wp\/v2\/product_brand?post=11794"},{"taxonomy":"product_cat","embeddable":true,"href":"https:\/\/stage.sahm-splice.com\/fr\/wp-json\/wp\/v2\/product_cat?post=11794"},{"taxonomy":"product_tag","embeddable":true,"href":"https:\/\/stage.sahm-splice.com\/fr\/wp-json\/wp\/v2\/product_tag?post=11794"}],"curies":[{"name":"wp","href":"https:\/\/api.w.org\/{rel}","templated":true}]}}