{"id":11787,"date":"2020-04-27T14:52:49","date_gmt":"2020-04-27T14:52:49","guid":{"rendered":"https:\/\/www.sahm-splice.com\/products\/non%20class\u00e9\/accessories-options\/"},"modified":"2025-06-10T14:04:40","modified_gmt":"2025-06-10T12:04:40","slug":"accessoires-options","status":"publish","type":"product","link":"https:\/\/stage.sahm-splice.com\/fr\/produits\/bancs-de-traction\/accessoires-options\/","title":{"rendered":"Accessoires et options"},"content":{"rendered":"","protected":false},"excerpt":{"rendered":"<p>Nous proposons une large gamme d&rsquo;options pour nos bancs d&rsquo;essai:<\/p>\n<ul class=\"uk-list uk-list-bullet\">\n<li>Cylindre de traction suppl\u00e9mentaire \u00e0 faible port\u00e9e<\/li>\n<li>Couvertures de s\u00e9curit\u00e9 actionn\u00e9es hydrauliquement<\/li>\n<li>RFID \/ lecteur de code-barres pour la mise en place de tests automatiques<\/li>\n<li>Prises m\u00e9caniques pour les c\u00e2bles m\u00e9talliques, les c\u00e2bles en fibres, les cha\u00eenes et les sangles (par exemple, bo\u00eete \u00e0 coin, tambour de c\u00e2ble, etc.)<\/li>\n<li>TCLL \/ MEG4 et autres programmes de tests sp\u00e9ciaux<\/li>\n<li>Extensom\u00e8tre optique \u00e0 haute r\u00e9solution pour une mesure exacte de l&rsquo;allongement<\/li>\n<li>T\u00e9l\u00e9maintenance<\/li>\n<li>Cam\u00e9ra vid\u00e9o pour l&rsquo;enregistrement du test<\/li>\n<li>Divers panneaux de contr\u00f4le<\/li>\n<li>Service d&rsquo;\u00e9talonnage<\/li>\n<\/ul>\n<p><span class=\"uk-text-bold uk-text-primary\">Vous n&rsquo;avez pas trouv\u00e9 votre solution ? Contactez-nous !<\/span><\/p>\n","protected":false},"featured_media":12656,"template":"","meta":{"wds_primary_product_brand":0,"wds_primary_product_cat":388},"product_brand":[],"product_cat":[388],"product_tag":[],"class_list":{"0":"post-11787","1":"product","2":"type-product","3":"status-publish","4":"has-post-thumbnail","6":"product_cat-bancs-de-traction","8":"first","9":"instock","10":"shipping-taxable","11":"product-type-simple"},"_links":{"self":[{"href":"https:\/\/stage.sahm-splice.com\/fr\/wp-json\/wp\/v2\/product\/11787","targetHints":{"allow":["GET"]}}],"collection":[{"href":"https:\/\/stage.sahm-splice.com\/fr\/wp-json\/wp\/v2\/product"}],"about":[{"href":"https:\/\/stage.sahm-splice.com\/fr\/wp-json\/wp\/v2\/types\/product"}],"wp:featuredmedia":[{"embeddable":true,"href":"https:\/\/stage.sahm-splice.com\/fr\/wp-json\/wp\/v2\/media\/12656"}],"wp:attachment":[{"href":"https:\/\/stage.sahm-splice.com\/fr\/wp-json\/wp\/v2\/media?parent=11787"}],"wp:term":[{"taxonomy":"product_brand","embeddable":true,"href":"https:\/\/stage.sahm-splice.com\/fr\/wp-json\/wp\/v2\/product_brand?post=11787"},{"taxonomy":"product_cat","embeddable":true,"href":"https:\/\/stage.sahm-splice.com\/fr\/wp-json\/wp\/v2\/product_cat?post=11787"},{"taxonomy":"product_tag","embeddable":true,"href":"https:\/\/stage.sahm-splice.com\/fr\/wp-json\/wp\/v2\/product_tag?post=11787"}],"curies":[{"name":"wp","href":"https:\/\/api.w.org\/{rel}","templated":true}]}}