{"id":11783,"date":"2020-04-27T14:50:31","date_gmt":"2020-04-27T14:50:31","guid":{"rendered":"https:\/\/www.sahm-splice.com\/products\/non%20class\u00e9\/special-construction\/"},"modified":"2025-06-10T14:04:40","modified_gmt":"2025-06-10T12:04:40","slug":"construction-speciale","status":"publish","type":"product","link":"https:\/\/stage.sahm-splice.com\/fr\/produits\/bancs-de-traction\/construction-speciale\/","title":{"rendered":"Constructions sp\u00e9ciales"},"content":{"rendered":"","protected":false},"excerpt":{"rendered":"<ul>\n<li>En compl\u00e9ment de notre gamme de bancs d&rsquo;essai horizontaux standard, nous proposons \u00e9galement des bancs d&rsquo;essai pour des applications sp\u00e9ciales. Nous avons une grande exp\u00e9rience des machines d&rsquo;essai pour les palonniers, les cha\u00eenes et le pr\u00e9-\u00e9tirage des filets \u00e0 poissons, entre autres.<br \/>\nLa pr\u00e9cision de nos machines est sup\u00e9rieure \u00e0 la classe 1 EN ISO 7500-1. Elles sont faciles \u00e0 utiliser et sont fabriqu\u00e9es conform\u00e9ment \u00e0 la directive europ\u00e9enne 2006\/42\/CE relative aux machines. Avec plus de 50 ans d&rsquo;exp\u00e9rience dans l&rsquo;industrie du levage, nos ing\u00e9nieurs trouveront la solution parfaite pour votre application aussi.<\/li>\n<\/ul>\n<p><span class=\"uk-text-bold uk-text-primary\">Indiquez-nous vos besoins sp\u00e9cifiques &#8211; nous serons heureux de vous aider !<\/span><\/p>\n","protected":false},"featured_media":12406,"template":"","meta":{"wds_primary_product_brand":0,"wds_primary_product_cat":388},"product_brand":[],"product_cat":[388],"product_tag":[],"class_list":{"0":"post-11783","1":"product","2":"type-product","3":"status-publish","4":"has-post-thumbnail","6":"product_cat-bancs-de-traction","8":"first","9":"instock","10":"shipping-taxable","11":"product-type-simple"},"_links":{"self":[{"href":"https:\/\/stage.sahm-splice.com\/fr\/wp-json\/wp\/v2\/product\/11783","targetHints":{"allow":["GET"]}}],"collection":[{"href":"https:\/\/stage.sahm-splice.com\/fr\/wp-json\/wp\/v2\/product"}],"about":[{"href":"https:\/\/stage.sahm-splice.com\/fr\/wp-json\/wp\/v2\/types\/product"}],"wp:featuredmedia":[{"embeddable":true,"href":"https:\/\/stage.sahm-splice.com\/fr\/wp-json\/wp\/v2\/media\/12406"}],"wp:attachment":[{"href":"https:\/\/stage.sahm-splice.com\/fr\/wp-json\/wp\/v2\/media?parent=11783"}],"wp:term":[{"taxonomy":"product_brand","embeddable":true,"href":"https:\/\/stage.sahm-splice.com\/fr\/wp-json\/wp\/v2\/product_brand?post=11783"},{"taxonomy":"product_cat","embeddable":true,"href":"https:\/\/stage.sahm-splice.com\/fr\/wp-json\/wp\/v2\/product_cat?post=11783"},{"taxonomy":"product_tag","embeddable":true,"href":"https:\/\/stage.sahm-splice.com\/fr\/wp-json\/wp\/v2\/product_tag?post=11783"}],"curies":[{"name":"wp","href":"https:\/\/api.w.org\/{rel}","templated":true}]}}