{"id":11778,"date":"2020-04-27T14:39:19","date_gmt":"2020-04-27T14:39:19","guid":{"rendered":"https:\/\/www.sahm-splice.com\/products\/non%20class\u00e9\/horizontal-test-beds\/"},"modified":"2025-06-10T14:04:37","modified_gmt":"2025-06-10T12:04:37","slug":"bancs-dessai-horizontaux","status":"publish","type":"product","link":"https:\/\/stage.sahm-splice.com\/fr\/produits\/bancs-de-traction\/bancs-dessai-horizontaux\/","title":{"rendered":"Bancs d&rsquo;essai horizontaux"},"content":{"rendered":"","protected":false},"excerpt":{"rendered":"<p>Nos bancs d&rsquo;essai sont sp\u00e9cialement con\u00e7us pour les essais de traction et les tests de rupture des c\u00e2bles en acier, des c\u00e2bles synth\u00e9tiques, des cha\u00eenes, des manilles, etc., conform\u00e9ment aux normes DIN EN ISO 2307 et DIN EN 12385. Les forces g\u00e9n\u00e9r\u00e9es lors des essais sont contenues dans la structure du ch\u00e2ssis. Le sp\u00e9cimen est mont\u00e9 entre la chape et la tige du chariot. Les caract\u00e9ristiques typiques de nos bancs d&rsquo;essai sont les suivantes : conception robuste, facilit\u00e9 d&rsquo;utilisation, contr\u00f4le par ordinateur, longue course du cylindre, mesure \u00e9lectronique de la force et de l&rsquo;allongement et utilisation de composants individuels de haute qualit\u00e9. Avec acquisition, stockage et \u00e9valuation automatiques des donn\u00e9es.<\/p>\n<p>La pr\u00e9cision de nos machines est sup\u00e9rieure \u00e0 la classe 1 EN ISO 7500-1. Elles sont faciles \u00e0 utiliser et sont fabriqu\u00e9es conform\u00e9ment \u00e0 la directive europ\u00e9enne 2006\/42\/CE relative aux machines. Avec plus de 50 ans d&rsquo;exp\u00e9rience dans l&rsquo;industrie du c\u00e2ble m\u00e9tallique, nos ing\u00e9nieurs trouveront la solution parfaite pour votre application.<\/p>\n<p><span class=\"uk-text-bold uk-text-primary\">Tous les bancs d&rsquo;essai sont faits sur demande!<br \/>\nCapacit\u00e9 de 20 \u00e0 2500 tonnes. <\/span><\/p>\n","protected":false},"featured_media":12402,"template":"","meta":{"wds_primary_product_brand":0,"wds_primary_product_cat":388},"product_brand":[],"product_cat":[388],"product_tag":[],"class_list":{"0":"post-11778","1":"product","2":"type-product","3":"status-publish","4":"has-post-thumbnail","6":"product_cat-bancs-de-traction","8":"first","9":"instock","10":"shipping-taxable","11":"product-type-simple"},"_links":{"self":[{"href":"https:\/\/stage.sahm-splice.com\/fr\/wp-json\/wp\/v2\/product\/11778","targetHints":{"allow":["GET"]}}],"collection":[{"href":"https:\/\/stage.sahm-splice.com\/fr\/wp-json\/wp\/v2\/product"}],"about":[{"href":"https:\/\/stage.sahm-splice.com\/fr\/wp-json\/wp\/v2\/types\/product"}],"wp:featuredmedia":[{"embeddable":true,"href":"https:\/\/stage.sahm-splice.com\/fr\/wp-json\/wp\/v2\/media\/12402"}],"wp:attachment":[{"href":"https:\/\/stage.sahm-splice.com\/fr\/wp-json\/wp\/v2\/media?parent=11778"}],"wp:term":[{"taxonomy":"product_brand","embeddable":true,"href":"https:\/\/stage.sahm-splice.com\/fr\/wp-json\/wp\/v2\/product_brand?post=11778"},{"taxonomy":"product_cat","embeddable":true,"href":"https:\/\/stage.sahm-splice.com\/fr\/wp-json\/wp\/v2\/product_cat?post=11778"},{"taxonomy":"product_tag","embeddable":true,"href":"https:\/\/stage.sahm-splice.com\/fr\/wp-json\/wp\/v2\/product_tag?post=11778"}],"curies":[{"name":"wp","href":"https:\/\/api.w.org\/{rel}","templated":true}]}}