{"id":11758,"date":"2018-04-14T22:04:18","date_gmt":"2018-04-14T22:04:18","guid":{"rendered":"https:\/\/www.sahm-splice.com\/products\/non%20class\u00e9\/no12\/"},"modified":"2025-06-10T14:04:31","modified_gmt":"2025-06-10T12:04:31","slug":"no-12","status":"publish","type":"product","link":"https:\/\/stage.sahm-splice.com\/fr\/produits\/outils\/cisailles-pour-cables-acier\/no-12\/","title":{"rendered":"Cisailles pour c\u00e2bles acier<br> \u00ab\u00a0N\u00ba.12\u00a0\u00bb"},"content":{"rendered":"","protected":false},"excerpt":{"rendered":"<p>La composition optimale du mat\u00e9riau pour toutes les pi\u00e8ces pr\u00e9fabriqu\u00e9es ainsi que leur parfait traitement thermique garantissent la durabilit\u00e9 et l&rsquo;excellente qualit\u00e9 de coupe de tous les mod\u00e8les. Les c\u00e2bles d&rsquo;acier d&rsquo;un diam\u00e8tre sup\u00e9rieur \u00e0 ceux mentionn\u00e9s peuvent \u00e9galement \u00eatre coup\u00e9s en s\u00e9parant les torons \u00e0 l&rsquo;aide d&rsquo;un mandrin. Le syst\u00e8me de coupe triangulaire \u00e9vite l&rsquo;\u00e9crasement du bout du c\u00e2ble.<\/p>\n<ul class=\"uk-list uk-list-bullet\">\n<li>Lames et boulon en acier tremp\u00e9<\/li>\n<li>Le syst\u00e8me de coupe en triangle emp\u00eache l&rsquo;\u00e9crasement des c\u00e2bles m\u00e9talliques<\/li>\n<li>Poign\u00e9es robustes et l\u00e9g\u00e8res<\/li>\n<\/ul>\n","protected":false},"featured_media":12328,"template":"","meta":{"wds_primary_product_brand":0,"wds_primary_product_cat":399},"product_brand":[],"product_cat":[399],"product_tag":[],"class_list":{"0":"post-11758","1":"product","2":"type-product","3":"status-publish","4":"has-post-thumbnail","6":"product_cat-cisailles-pour-cables-acier","8":"first","9":"instock","10":"shipping-taxable","11":"product-type-simple"},"_links":{"self":[{"href":"https:\/\/stage.sahm-splice.com\/fr\/wp-json\/wp\/v2\/product\/11758","targetHints":{"allow":["GET"]}}],"collection":[{"href":"https:\/\/stage.sahm-splice.com\/fr\/wp-json\/wp\/v2\/product"}],"about":[{"href":"https:\/\/stage.sahm-splice.com\/fr\/wp-json\/wp\/v2\/types\/product"}],"wp:featuredmedia":[{"embeddable":true,"href":"https:\/\/stage.sahm-splice.com\/fr\/wp-json\/wp\/v2\/media\/12328"}],"wp:attachment":[{"href":"https:\/\/stage.sahm-splice.com\/fr\/wp-json\/wp\/v2\/media?parent=11758"}],"wp:term":[{"taxonomy":"product_brand","embeddable":true,"href":"https:\/\/stage.sahm-splice.com\/fr\/wp-json\/wp\/v2\/product_brand?post=11758"},{"taxonomy":"product_cat","embeddable":true,"href":"https:\/\/stage.sahm-splice.com\/fr\/wp-json\/wp\/v2\/product_cat?post=11758"},{"taxonomy":"product_tag","embeddable":true,"href":"https:\/\/stage.sahm-splice.com\/fr\/wp-json\/wp\/v2\/product_tag?post=11758"}],"curies":[{"name":"wp","href":"https:\/\/api.w.org\/{rel}","templated":true}]}}