{"id":11741,"date":"2020-06-18T08:46:46","date_gmt":"2020-06-18T08:46:46","guid":{"rendered":"https:\/\/www.sahm-splice.com\/products\/non%20class\u00e9\/swaging-dies-special\/"},"modified":"2025-06-10T14:04:25","modified_gmt":"2025-06-10T12:04:25","slug":"matrices-de-manchonnage-speciales","status":"publish","type":"product","link":"https:\/\/stage.sahm-splice.com\/fr\/produits\/outils\/matrices-de-manchonnage\/matrices-de-manchonnage-speciales\/","title":{"rendered":"Matrices de manchonnage \u00ab\u00a0Sp\u00e9ciales\u00a0\u00bb"},"content":{"rendered":"","protected":false},"excerpt":{"rendered":"<p>Nos matrices de manchonnage sont fabriqu\u00e9es en acier sp\u00e9cial de qualit\u00e9 sup\u00e9rieure avec un contr\u00f4le permanent de qualit\u00e9. Les empreintes sont polies afin de favoriser le bon allongement du mat\u00e9riel.<\/p>\n<ul class=\"uk-list uk-list-bullet\">\n<li>Livrables dans toutes les dimensions standards et selon votre cahier des charges<\/li>\n<li>Acier tremp\u00e9<\/li>\n<li>Avec ou sans l\u00e8vre de coupe<\/li>\n<\/ul>\n<h2 class=\"uk-h4\">Exemples:<\/h2>\n<ul class=\"uk-list uk-list-bullet\">\n<li>Pour nos manchons Aluminium Syngrip<\/li>\n<li>Combin\u00e9es avec plusieurs empreintes<\/li>\n<li>Ou sur mesure, selon vos besoins sp\u00e9cifiques<\/li>\n<\/ul>\n<h2 class=\"uk-h4\">Pour la commande de matrices, veuillez utiliser notre mod\u00e8le PDF:<\/h2>\n<ul class=\"uk-list uk-list-small\">\n<li>1. <a href=\"\/wp-content\/uploads\/SSF-PB-ORDER-FORM-2017.pdf\" target=\"_blank\" rel=\"noopener noreferrer\">T\u00e9l\u00e9charger le PDF <\/a><\/li>\n<li>2. Remplir<\/li>\n<li>3. Puis nous le faxer<\/li>\n<\/ul>\n","protected":false},"featured_media":13239,"template":"","meta":{"wds_primary_product_brand":0,"wds_primary_product_cat":395},"product_brand":[],"product_cat":[395],"product_tag":[],"class_list":{"0":"post-11741","1":"product","2":"type-product","3":"status-publish","4":"has-post-thumbnail","6":"product_cat-matrices-de-manchonnage","8":"first","9":"instock","10":"shipping-taxable","11":"product-type-simple"},"_links":{"self":[{"href":"https:\/\/stage.sahm-splice.com\/fr\/wp-json\/wp\/v2\/product\/11741","targetHints":{"allow":["GET"]}}],"collection":[{"href":"https:\/\/stage.sahm-splice.com\/fr\/wp-json\/wp\/v2\/product"}],"about":[{"href":"https:\/\/stage.sahm-splice.com\/fr\/wp-json\/wp\/v2\/types\/product"}],"wp:featuredmedia":[{"embeddable":true,"href":"https:\/\/stage.sahm-splice.com\/fr\/wp-json\/wp\/v2\/media\/13239"}],"wp:attachment":[{"href":"https:\/\/stage.sahm-splice.com\/fr\/wp-json\/wp\/v2\/media?parent=11741"}],"wp:term":[{"taxonomy":"product_brand","embeddable":true,"href":"https:\/\/stage.sahm-splice.com\/fr\/wp-json\/wp\/v2\/product_brand?post=11741"},{"taxonomy":"product_cat","embeddable":true,"href":"https:\/\/stage.sahm-splice.com\/fr\/wp-json\/wp\/v2\/product_cat?post=11741"},{"taxonomy":"product_tag","embeddable":true,"href":"https:\/\/stage.sahm-splice.com\/fr\/wp-json\/wp\/v2\/product_tag?post=11741"}],"curies":[{"name":"wp","href":"https:\/\/api.w.org\/{rel}","templated":true}]}}