{"id":11731,"date":"2020-07-29T11:14:16","date_gmt":"2020-07-29T11:14:16","guid":{"rendered":"https:\/\/www.sahm-splice.com\/products\/non%20class\u00e9\/swaging-dies-rounded\/"},"modified":"2025-06-10T14:04:21","modified_gmt":"2025-06-10T12:04:21","slug":"matrices-de-manchonnage-arrondies","status":"publish","type":"product","link":"https:\/\/stage.sahm-splice.com\/fr\/produits\/outils\/matrices-de-manchonnage\/matrices-de-manchonnage-arrondies\/","title":{"rendered":"Matrices de manchonnage \u00ab\u00a0arrondies\u00a0\u00bb"},"content":{"rendered":"","protected":false},"excerpt":{"rendered":"<p>Nos matrices de manchonnage sont fabriqu\u00e9es en acier sp\u00e9cial de qualit\u00e9 sup\u00e9rieure avec un contr\u00f4le permanent de qualit\u00e9. Les empreintes sont polies afin de favoriser le bon allongement du manchon.<\/p>\n<ul class=\"uk-list uk-list-bullet\">\n<li>Livrables dans toutes les dimensions standard et selon votre cahier des charges<\/li>\n<li>Acier tremp\u00e9<\/li>\n<li>Avec l\u00e8vres de coupe<\/li>\n<\/ul>\n<h2 class=\"uk-h4\">Options:<\/h2>\n<ul class=\"uk-list uk-list-bullet\">\n<li>Arrondies d&rsquo;un c\u00f4t\u00e9- pour nos <a href=\"https:\/\/www.sahm-splice.com\/fr\/produits\/manchons\/aluminium\/manchons-zen-13411-3\/\">Aluminium ZEN\u00ae 13411-3 Ferrules<\/a> (Form B)<\/li>\n<li>Arrondi des deux c\u00f4t\u00e9s &#8211; Pour nos <a href=\"https:\/\/www.sahm-splice.com\/fr\/produits\/manchons\/aluminium\/s\/\">Aluminium Type S Ferrules<\/a> (applications pour terrains de jeu)<\/li>\n<\/ul>\n<h2 class=\"uk-h4\">Pour la commande des matrices, veuillez utiliser notre mod\u00e8le PDF:<\/h2>\n<ul class=\"uk-list uk-list-small\">\n<li>1. <a href=\"\/wp-content\/uploads\/SSF-PB-ORDER-FORM-2017.pdf\" target=\"_blank\" rel=\"noopener noreferrer\">T\u00e9l\u00e9charger le PDF<\/a><\/li>\n<li>2. Remplir<\/li>\n<li>3. Puis nous le faxer<\/li>\n<\/ul>\n","protected":false},"featured_media":13228,"template":"","meta":{"wds_primary_product_brand":0,"wds_primary_product_cat":395},"product_brand":[],"product_cat":[395],"product_tag":[],"class_list":{"0":"post-11731","1":"product","2":"type-product","3":"status-publish","4":"has-post-thumbnail","6":"product_cat-matrices-de-manchonnage","8":"first","9":"instock","10":"shipping-taxable","11":"product-type-simple"},"_links":{"self":[{"href":"https:\/\/stage.sahm-splice.com\/fr\/wp-json\/wp\/v2\/product\/11731","targetHints":{"allow":["GET"]}}],"collection":[{"href":"https:\/\/stage.sahm-splice.com\/fr\/wp-json\/wp\/v2\/product"}],"about":[{"href":"https:\/\/stage.sahm-splice.com\/fr\/wp-json\/wp\/v2\/types\/product"}],"wp:featuredmedia":[{"embeddable":true,"href":"https:\/\/stage.sahm-splice.com\/fr\/wp-json\/wp\/v2\/media\/13228"}],"wp:attachment":[{"href":"https:\/\/stage.sahm-splice.com\/fr\/wp-json\/wp\/v2\/media?parent=11731"}],"wp:term":[{"taxonomy":"product_brand","embeddable":true,"href":"https:\/\/stage.sahm-splice.com\/fr\/wp-json\/wp\/v2\/product_brand?post=11731"},{"taxonomy":"product_cat","embeddable":true,"href":"https:\/\/stage.sahm-splice.com\/fr\/wp-json\/wp\/v2\/product_cat?post=11731"},{"taxonomy":"product_tag","embeddable":true,"href":"https:\/\/stage.sahm-splice.com\/fr\/wp-json\/wp\/v2\/product_tag?post=11731"}],"curies":[{"name":"wp","href":"https:\/\/api.w.org\/{rel}","templated":true}]}}