{"id":11680,"date":"2018-09-20T09:00:16","date_gmt":"2018-09-20T09:00:16","guid":{"rendered":"https:\/\/www.sahm-splice.com\/products\/non%20class\u00e9\/800t-swaging-press\/"},"modified":"2025-06-10T14:04:08","modified_gmt":"2025-06-10T12:04:08","slug":"800t-presse-2-colonnes","status":"publish","type":"product","link":"https:\/\/stage.sahm-splice.com\/fr\/produits\/presses\/800t-presse-2-colonnes\/","title":{"rendered":"800t Presse 2 Colonnes"},"content":{"rendered":"","protected":false},"excerpt":{"rendered":"<p>L&rsquo;alternative \u00e9conomique \u00e0 nos presses hydrauliques haut de gamme, avec la qualit\u00e9 SAHM reconnue.<\/p>\n[cstm_product_headline_suitable_ferrules]\n<ul class=\"uk-list uk-list-bullet\">\n<li>Manchons en aluminium jusqu&rsquo;\u00e0 ZEN\u00ae 40 (en plusieurs passes ZEN\u00ae 48)<\/li>\n<li>\u0152illets flamands jusqu&rsquo;\u00e0 50\/52 (2\u2033)<\/li>\n<\/ul>\n","protected":false},"featured_media":12932,"template":"","meta":{"wds_primary_product_brand":0,"wds_primary_product_cat":386},"product_brand":[],"product_cat":[386],"product_tag":[392],"class_list":{"0":"post-11680","1":"product","2":"type-product","3":"status-publish","4":"has-post-thumbnail","6":"product_cat-presses","7":"product_tag-modele-deux-colonnes","9":"first","10":"instock","11":"shipping-taxable","12":"product-type-simple"},"_links":{"self":[{"href":"https:\/\/stage.sahm-splice.com\/fr\/wp-json\/wp\/v2\/product\/11680","targetHints":{"allow":["GET"]}}],"collection":[{"href":"https:\/\/stage.sahm-splice.com\/fr\/wp-json\/wp\/v2\/product"}],"about":[{"href":"https:\/\/stage.sahm-splice.com\/fr\/wp-json\/wp\/v2\/types\/product"}],"wp:featuredmedia":[{"embeddable":true,"href":"https:\/\/stage.sahm-splice.com\/fr\/wp-json\/wp\/v2\/media\/12932"}],"wp:attachment":[{"href":"https:\/\/stage.sahm-splice.com\/fr\/wp-json\/wp\/v2\/media?parent=11680"}],"wp:term":[{"taxonomy":"product_brand","embeddable":true,"href":"https:\/\/stage.sahm-splice.com\/fr\/wp-json\/wp\/v2\/product_brand?post=11680"},{"taxonomy":"product_cat","embeddable":true,"href":"https:\/\/stage.sahm-splice.com\/fr\/wp-json\/wp\/v2\/product_cat?post=11680"},{"taxonomy":"product_tag","embeddable":true,"href":"https:\/\/stage.sahm-splice.com\/fr\/wp-json\/wp\/v2\/product_tag?post=11680"}],"curies":[{"name":"wp","href":"https:\/\/api.w.org\/{rel}","templated":true}]}}