{"id":11645,"date":"2018-04-14T19:54:39","date_gmt":"2020-08-03T09:50:58","guid":{"rendered":"https:\/\/www.sahm-splice.com\/?post_type=product&#038;p=11645"},"modified":"2025-06-10T14:03:53","modified_gmt":"2025-06-10T12:03:53","slug":"type-sf-65","status":"publish","type":"product","link":"https:\/\/stage.sahm-splice.com\/fr\/produits\/machines-a-couper\/type-sf-65\/","title":{"rendered":"Machine \u00e0 couper \u00e0 chaud Type SF-65"},"content":{"rendered":"","protected":false},"excerpt":{"rendered":"<p>La machine \u00e0 couper et \u00e0 recuire pour c\u00e2bles m\u00e9talliques\u00a0 type SF-65 est destin\u00e9e \u00e0 couper les c\u00e2bles m\u00e9talliques de 1 \u00e0 6,5 mm de diam\u00e8tre.<\/p>\n[cstm_product_headline_benefit]\n<ul class=\"uk-list uk-list-bullet\">\n<li>Coupe simple et rapide des c\u00e2bles m\u00e9talliques de 1 \u00e0 6,5 mm de diam\u00e8tre<\/li>\n<li>Courte dur\u00e9e de recuit gr\u00e2ce \u00e0 un transformateur sp\u00e9cial<\/li>\n<li>Une utilisation simple<\/li>\n<li>Structure compacte<\/li>\n<\/ul>\n","protected":false},"featured_media":16302,"template":"","meta":{"wds_primary_product_brand":0,"wds_primary_product_cat":390},"product_brand":[],"product_cat":[390],"product_tag":[],"class_list":{"0":"post-11645","1":"product","2":"type-product","3":"status-publish","4":"has-post-thumbnail","6":"product_cat-machines-a-couper","8":"first","9":"instock","10":"shipping-taxable","11":"product-type-simple"},"_links":{"self":[{"href":"https:\/\/stage.sahm-splice.com\/fr\/wp-json\/wp\/v2\/product\/11645","targetHints":{"allow":["GET"]}}],"collection":[{"href":"https:\/\/stage.sahm-splice.com\/fr\/wp-json\/wp\/v2\/product"}],"about":[{"href":"https:\/\/stage.sahm-splice.com\/fr\/wp-json\/wp\/v2\/types\/product"}],"wp:featuredmedia":[{"embeddable":true,"href":"https:\/\/stage.sahm-splice.com\/fr\/wp-json\/wp\/v2\/media\/16302"}],"wp:attachment":[{"href":"https:\/\/stage.sahm-splice.com\/fr\/wp-json\/wp\/v2\/media?parent=11645"}],"wp:term":[{"taxonomy":"product_brand","embeddable":true,"href":"https:\/\/stage.sahm-splice.com\/fr\/wp-json\/wp\/v2\/product_brand?post=11645"},{"taxonomy":"product_cat","embeddable":true,"href":"https:\/\/stage.sahm-splice.com\/fr\/wp-json\/wp\/v2\/product_cat?post=11645"},{"taxonomy":"product_tag","embeddable":true,"href":"https:\/\/stage.sahm-splice.com\/fr\/wp-json\/wp\/v2\/product_tag?post=11645"}],"curies":[{"name":"wp","href":"https:\/\/api.w.org\/{rel}","templated":true}]}}