{"id":15032,"date":"2018-07-16T14:58:21","date_gmt":"2021-09-09T11:24:41","guid":{"rendered":"https:\/\/www.sahm-splice.com\/?post_type=product&#038;p=15032"},"modified":"2021-09-22T11:08:39","modified_gmt":"2021-09-22T09:08:39","slug":"verzinkte-kauschen","status":"publish","type":"product","link":"https:\/\/stage.sahm-splice.com\/de\/produkte\/werkzeuge-zubehoer\/kauschen\/verzinkte-kauschen\/","title":{"rendered":"Verzinkte Kauschen"},"content":{"rendered":"","protected":false},"excerpt":{"rendered":"<p>Material: Kohlenstoffarmer Baustahl.<\/p>\n<ul class=\"uk-list uk-list-bullet\">\n<li>Geeignet f\u00fcr verzinkte Seile und Faserseile.<\/li>\n<li>F\u00fcr den Einsatz in Hebezeugen.<\/li>\n<li>Die Abmessungen basieren auf EN13411-1.<\/li>\n<li>Erh\u00e4ltlich in den Gr\u00f6\u00dfen 6 bis 52 mm.<\/li>\n<li>Kann in Kombination mit unseren Pressklemmen und Drahtseilklemmen verwendet werden.<\/li>\n<\/li>\n<\/ul>\n","protected":false},"featured_media":15066,"template":"","meta":{"wds_primary_product_brand":0,"wds_primary_product_cat":345},"product_brand":[],"product_cat":[345],"product_tag":[],"class_list":{"0":"post-15032","1":"product","2":"type-product","3":"status-publish","4":"has-post-thumbnail","6":"product_cat-kauschen","8":"first","9":"instock","10":"shipping-taxable","11":"product-type-simple"},"_links":{"self":[{"href":"https:\/\/stage.sahm-splice.com\/de\/wp-json\/wp\/v2\/product\/15032","targetHints":{"allow":["GET"]}}],"collection":[{"href":"https:\/\/stage.sahm-splice.com\/de\/wp-json\/wp\/v2\/product"}],"about":[{"href":"https:\/\/stage.sahm-splice.com\/de\/wp-json\/wp\/v2\/types\/product"}],"wp:featuredmedia":[{"embeddable":true,"href":"https:\/\/stage.sahm-splice.com\/de\/wp-json\/wp\/v2\/media\/15066"}],"wp:attachment":[{"href":"https:\/\/stage.sahm-splice.com\/de\/wp-json\/wp\/v2\/media?parent=15032"}],"wp:term":[{"taxonomy":"product_brand","embeddable":true,"href":"https:\/\/stage.sahm-splice.com\/de\/wp-json\/wp\/v2\/product_brand?post=15032"},{"taxonomy":"product_cat","embeddable":true,"href":"https:\/\/stage.sahm-splice.com\/de\/wp-json\/wp\/v2\/product_cat?post=15032"},{"taxonomy":"product_tag","embeddable":true,"href":"https:\/\/stage.sahm-splice.com\/de\/wp-json\/wp\/v2\/product_tag?post=15032"}],"curies":[{"name":"wp","href":"https:\/\/api.w.org\/{rel}","templated":true}]}}