{"id":10975,"date":"2020-06-04T10:58:59","date_gmt":"2020-07-20T14:42:24","guid":{"rendered":"https:\/\/www.sahm-splice.com\/?post_type=product&#038;p=10975"},"modified":"2025-06-10T14:03:34","modified_gmt":"2025-06-10T12:03:34","slug":"splice-glide","status":"publish","type":"product","link":"https:\/\/stage.sahm-splice.com\/de\/produkte\/werkzeuge-zubehoer\/pressfett\/splice-glide\/","title":{"rendered":"Splice Glide"},"content":{"rendered":"","protected":false},"excerpt":{"rendered":"<p>Unser Splice Glide ist ein Pressfett, mit dem die Mulde und die Schneidekanten der Pressbacken vor dem Pressvorgang geschmiert werden. Dies unterst\u00fctzt nicht nur das Flie\u00dfverhalten des Materials, sondern verringert auch den Verschlei\u00df der Pressbacken.<\/p>\n<\/ul>\n[cstm_product_headline_benefit]\n<ul class=\"uk-list uk-list-bullet\">\n<li>Verbesserung des Flie\u00dfverhaltens<\/li>\n<li>Reduzierung der Abnutzung<\/li>\n<li>Korrosionsschutz<\/li>\n<li>Verhindert das Festsitzen der verpressten Klemme in der Pressmulde<\/li>\n<\/ul>\n<p><span class=\"uk-text-bold uk-text-primary\">Lieferbar in den Verpackungseinheiten: 1 kg \/ 3 kg \/ 18 kg <\/span><\/p>\n","protected":false},"featured_media":13242,"template":"","meta":{"wds_primary_product_brand":0,"wds_primary_product_cat":344},"product_brand":[],"product_cat":[344],"product_tag":[],"class_list":{"0":"post-10975","1":"product","2":"type-product","3":"status-publish","4":"has-post-thumbnail","6":"product_cat-pressfett","8":"first","9":"instock","10":"shipping-taxable","11":"product-type-simple"},"_links":{"self":[{"href":"https:\/\/stage.sahm-splice.com\/de\/wp-json\/wp\/v2\/product\/10975","targetHints":{"allow":["GET"]}}],"collection":[{"href":"https:\/\/stage.sahm-splice.com\/de\/wp-json\/wp\/v2\/product"}],"about":[{"href":"https:\/\/stage.sahm-splice.com\/de\/wp-json\/wp\/v2\/types\/product"}],"wp:featuredmedia":[{"embeddable":true,"href":"https:\/\/stage.sahm-splice.com\/de\/wp-json\/wp\/v2\/media\/13242"}],"wp:attachment":[{"href":"https:\/\/stage.sahm-splice.com\/de\/wp-json\/wp\/v2\/media?parent=10975"}],"wp:term":[{"taxonomy":"product_brand","embeddable":true,"href":"https:\/\/stage.sahm-splice.com\/de\/wp-json\/wp\/v2\/product_brand?post=10975"},{"taxonomy":"product_cat","embeddable":true,"href":"https:\/\/stage.sahm-splice.com\/de\/wp-json\/wp\/v2\/product_cat?post=10975"},{"taxonomy":"product_tag","embeddable":true,"href":"https:\/\/stage.sahm-splice.com\/de\/wp-json\/wp\/v2\/product_tag?post=10975"}],"curies":[{"name":"wp","href":"https:\/\/api.w.org\/{rel}","templated":true}]}}