{"id":10965,"date":"2020-04-27T14:54:12","date_gmt":"2020-07-20T14:37:46","guid":{"rendered":"https:\/\/www.sahm-splice.com\/?post_type=product&#038;p=10965"},"modified":"2025-06-10T14:03:23","modified_gmt":"2025-06-10T12:03:23","slug":"upgrade","status":"publish","type":"product","link":"https:\/\/stage.sahm-splice.com\/de\/produkte\/zugpruefmaschinen\/upgrade\/","title":{"rendered":"Upgrade"},"content":{"rendered":"","protected":false},"excerpt":{"rendered":"<p>Ihre Zugpr\u00fcfmaschine ist in die Jahre gekommen und Sie denken \u00fcber eine Neuanschaffung nach? Dann k\u00f6nnte die Modernisierung Ihrer bestehenden Anlage eine wirtschaftliche Alternative sein.<\/p>\n<p>Im Allgemeinen k\u00f6nnen der Maschinenrahmen und der Hydraulikzylinder wiederverwendet werden. Mit einer elektronischen Kraftmesszelle, einem neuen Hydraulikaggregat und einer neuen Steuerung ist Ihre Maschine bereit f\u00fcr bevorstehende Herausforderungen. Insbesondere eine neue Kraftmesszelle k\u00f6nnte die Genauigkeit Ihrer Messwerte wieder in Klasse 1 (EN ISO 7500-1) bef\u00f6rdern.<\/p>\n<p><span class=\"uk-text-bold uk-text-primary\">Aus alt mach neu!<br \/>\nNehmen Sie Kontakt mit uns auf &#8211; unsere Ingenieure beraten Sie gerne.<\/span><\/p>\n","protected":false},"featured_media":12394,"template":"","meta":{"wds_primary_product_brand":0,"wds_primary_product_cat":313},"product_brand":[],"product_cat":[313],"product_tag":[],"class_list":{"0":"post-10965","1":"product","2":"type-product","3":"status-publish","4":"has-post-thumbnail","6":"product_cat-zugpruefmaschinen","8":"first","9":"instock","10":"shipping-taxable","11":"product-type-simple"},"_links":{"self":[{"href":"https:\/\/stage.sahm-splice.com\/de\/wp-json\/wp\/v2\/product\/10965","targetHints":{"allow":["GET"]}}],"collection":[{"href":"https:\/\/stage.sahm-splice.com\/de\/wp-json\/wp\/v2\/product"}],"about":[{"href":"https:\/\/stage.sahm-splice.com\/de\/wp-json\/wp\/v2\/types\/product"}],"wp:featuredmedia":[{"embeddable":true,"href":"https:\/\/stage.sahm-splice.com\/de\/wp-json\/wp\/v2\/media\/12394"}],"wp:attachment":[{"href":"https:\/\/stage.sahm-splice.com\/de\/wp-json\/wp\/v2\/media?parent=10965"}],"wp:term":[{"taxonomy":"product_brand","embeddable":true,"href":"https:\/\/stage.sahm-splice.com\/de\/wp-json\/wp\/v2\/product_brand?post=10965"},{"taxonomy":"product_cat","embeddable":true,"href":"https:\/\/stage.sahm-splice.com\/de\/wp-json\/wp\/v2\/product_cat?post=10965"},{"taxonomy":"product_tag","embeddable":true,"href":"https:\/\/stage.sahm-splice.com\/de\/wp-json\/wp\/v2\/product_tag?post=10965"}],"curies":[{"name":"wp","href":"https:\/\/api.w.org\/{rel}","templated":true}]}}