{"id":10963,"date":"2020-04-27T14:50:31","date_gmt":"2020-07-20T14:37:07","guid":{"rendered":"https:\/\/www.sahm-splice.com\/?post_type=product&#038;p=10963"},"modified":"2025-06-10T14:03:22","modified_gmt":"2025-06-10T12:03:22","slug":"sonderkonstruktion","status":"publish","type":"product","link":"https:\/\/stage.sahm-splice.com\/de\/produkte\/zugpruefmaschinen\/sonderkonstruktion\/","title":{"rendered":"Sonderkonstruktion"},"content":{"rendered":"","protected":false},"excerpt":{"rendered":"<p>Erg\u00e4nzend zu unserem Standardangebot an horizontalen Zugpr\u00fcfmaschinen bieten wir auch Pr\u00fcfst\u00e4nde f\u00fcr spezielle Anwendungen an. Wir haben gro\u00dfe Erfahrung mit Testmaschinen unter anderem f\u00fcr Traversen, Ketten oder zur Vordehnung von Fischereinetzen.<\/p>\n<p>Die Genauigkeit dieser Maschinen ist besser als Klasse 1 nach EN ISO 7500-1, sie sind leicht zu bedienen und entsprechen der aktuell g\u00fcltigen Maschinenrichtlinie 2006\/42\/EG. Mit unserer mehr als 50-j\u00e4hrigen Erfahrung in der Drahtseilindustrie finden unsere Ingenieure auch f\u00fcr Ihre Anwendung die richtige L\u00f6sung.<\/p>\n<p><span class=\"uk-text-bold uk-text-primary\">Teilen Sie uns Ihre Anforderungen mit &#8211; Wir freuen uns auf das Projekt!<\/span><\/p>\n","protected":false},"featured_media":12407,"template":"","meta":{"wds_primary_product_brand":0,"wds_primary_product_cat":313},"product_brand":[],"product_cat":[313],"product_tag":[],"class_list":{"0":"post-10963","1":"product","2":"type-product","3":"status-publish","4":"has-post-thumbnail","6":"product_cat-zugpruefmaschinen","8":"first","9":"instock","10":"shipping-taxable","11":"product-type-simple"},"_links":{"self":[{"href":"https:\/\/stage.sahm-splice.com\/de\/wp-json\/wp\/v2\/product\/10963","targetHints":{"allow":["GET"]}}],"collection":[{"href":"https:\/\/stage.sahm-splice.com\/de\/wp-json\/wp\/v2\/product"}],"about":[{"href":"https:\/\/stage.sahm-splice.com\/de\/wp-json\/wp\/v2\/types\/product"}],"wp:featuredmedia":[{"embeddable":true,"href":"https:\/\/stage.sahm-splice.com\/de\/wp-json\/wp\/v2\/media\/12407"}],"wp:attachment":[{"href":"https:\/\/stage.sahm-splice.com\/de\/wp-json\/wp\/v2\/media?parent=10963"}],"wp:term":[{"taxonomy":"product_brand","embeddable":true,"href":"https:\/\/stage.sahm-splice.com\/de\/wp-json\/wp\/v2\/product_brand?post=10963"},{"taxonomy":"product_cat","embeddable":true,"href":"https:\/\/stage.sahm-splice.com\/de\/wp-json\/wp\/v2\/product_cat?post=10963"},{"taxonomy":"product_tag","embeddable":true,"href":"https:\/\/stage.sahm-splice.com\/de\/wp-json\/wp\/v2\/product_tag?post=10963"}],"curies":[{"name":"wp","href":"https:\/\/api.w.org\/{rel}","templated":true}]}}