{"id":10962,"date":"2020-04-27T14:39:19","date_gmt":"2020-07-20T14:36:53","guid":{"rendered":"https:\/\/www.sahm-splice.com\/?post_type=product&#038;p=10962"},"modified":"2025-06-10T14:03:21","modified_gmt":"2025-06-10T12:03:21","slug":"horizontale-zugpruefmaschine","status":"publish","type":"product","link":"https:\/\/stage.sahm-splice.com\/de\/produkte\/zugpruefmaschinen\/horizontale-zugpruefmaschine\/","title":{"rendered":"Horizontale Zugpr\u00fcfmaschine"},"content":{"rendered":"","protected":false},"excerpt":{"rendered":"<p>Unsere Zugpr\u00fcfmaschinen sind speziell f\u00fcr die zerst\u00f6rungsfreie und zerst\u00f6rende Pr\u00fcfung von Drahtseilen, Faserseilen, Ketten, Sch\u00e4keln, etc. nach DIN EN ISO 2307 und DIN EN 12385 konstruiert. Die bei der Pr\u00fcfung auftretenden Kr\u00e4fte werden innerhalb der Struktur des Rahmens aufgefangen. Der Pr\u00fcfling wird in der Pr\u00fcfmaschine mit Pr\u00fcfbolzen f\u00fcr Augsplei\u00dfe im Gabelkopf und im Verschiebeschlitten gehalten. Typische Merkmale unserer Zugpr\u00fcfmaschinen sind: Robustes Design, einfache Bedienung, Computersteuerung, langer Zylinderhub, elektronische Kraftmesszelle und die Verwendung von qualitativ hochwertigen Komponenten. Mit automatischer Datenerfassung, -speicherung und -auswertung.<\/p>\n<p>Die Genauigkeit dieser Maschinen ist besser als Klasse 1 nach EN ISO 7500-1, sie sind leicht zu bedienen und entsprechen der aktuell g\u00fcltigen Maschinenrichtlinie 2006\/42\/EG. Mit unserer mehr als 50-j\u00e4hrigen Erfahrung in der Drahtseilindustrie finden unsere Ingenieure auch f\u00fcr Ihre Anwendung die richtige L\u00f6sung.<\/p>\n<p><span class=\"uk-text-bold uk-text-primary\">Kundenspezifische Fertigung! Kapazit\u00e4t von 20 bis 2500t. <\/span><\/p>\n","protected":false},"featured_media":12403,"template":"","meta":{"wds_primary_product_brand":0,"wds_primary_product_cat":313},"product_brand":[],"product_cat":[313],"product_tag":[],"class_list":{"0":"post-10962","1":"product","2":"type-product","3":"status-publish","4":"has-post-thumbnail","6":"product_cat-zugpruefmaschinen","8":"first","9":"instock","10":"shipping-taxable","11":"product-type-simple"},"_links":{"self":[{"href":"https:\/\/stage.sahm-splice.com\/de\/wp-json\/wp\/v2\/product\/10962","targetHints":{"allow":["GET"]}}],"collection":[{"href":"https:\/\/stage.sahm-splice.com\/de\/wp-json\/wp\/v2\/product"}],"about":[{"href":"https:\/\/stage.sahm-splice.com\/de\/wp-json\/wp\/v2\/types\/product"}],"wp:featuredmedia":[{"embeddable":true,"href":"https:\/\/stage.sahm-splice.com\/de\/wp-json\/wp\/v2\/media\/12403"}],"wp:attachment":[{"href":"https:\/\/stage.sahm-splice.com\/de\/wp-json\/wp\/v2\/media?parent=10962"}],"wp:term":[{"taxonomy":"product_brand","embeddable":true,"href":"https:\/\/stage.sahm-splice.com\/de\/wp-json\/wp\/v2\/product_brand?post=10962"},{"taxonomy":"product_cat","embeddable":true,"href":"https:\/\/stage.sahm-splice.com\/de\/wp-json\/wp\/v2\/product_cat?post=10962"},{"taxonomy":"product_tag","embeddable":true,"href":"https:\/\/stage.sahm-splice.com\/de\/wp-json\/wp\/v2\/product_tag?post=10962"}],"curies":[{"name":"wp","href":"https:\/\/api.w.org\/{rel}","templated":true}]}}