{"id":10961,"date":"2018-04-23T20:56:52","date_gmt":"2020-07-20T14:35:19","guid":{"rendered":"https:\/\/www.sahm-splice.com\/?post_type=product&#038;p=10961"},"modified":"2025-06-10T14:03:21","modified_gmt":"2025-06-10T12:03:21","slug":"stahl-choker-pressklemmen","status":"publish","type":"product","link":"https:\/\/stage.sahm-splice.com\/de\/produkte\/pressklemmen\/stahl\/stahl-choker-pressklemmen\/","title":{"rendered":"Stahl Choker Pressklemmen"},"content":{"rendered":"","protected":false},"excerpt":{"rendered":"<p>Konische Stahl-Endklemme f\u00fcr Chokerseile.<\/p>\n<ul class=\"uk-list uk-list-bullet\">\n<li>Lieferbar in den Gr\u00f6\u00dfen 7\/16\u201c (11 mm), 1\/2\u201c (12-13 mm), 9\/16\u201c (14 mm)<\/li>\n<li>F\u00fcr Drahtseildurchmesser von 11-14 mm<\/li>\n<li>Verarbeitung mit unseren <a href=\"https:\/\/www.sahm-splice.com\/de\/produkte\/werkzeuge-zubehoer\/pressbacken\/pressbacken-choker\/\">Pressbacken &#8222;Choker&#8220;<\/a> (eine Pressbacke f\u00fcr alle drei Gr\u00f6\u00dfen)<\/li>\n<\/ul>\n","protected":false},"featured_media":13087,"template":"","meta":{"wds_primary_product_brand":0,"wds_primary_product_cat":311},"product_brand":[],"product_cat":[311],"product_tag":[],"class_list":{"0":"post-10961","1":"product","2":"type-product","3":"status-publish","4":"has-post-thumbnail","6":"product_cat-stahl","8":"first","9":"instock","10":"shipping-taxable","11":"product-type-simple"},"_links":{"self":[{"href":"https:\/\/stage.sahm-splice.com\/de\/wp-json\/wp\/v2\/product\/10961","targetHints":{"allow":["GET"]}}],"collection":[{"href":"https:\/\/stage.sahm-splice.com\/de\/wp-json\/wp\/v2\/product"}],"about":[{"href":"https:\/\/stage.sahm-splice.com\/de\/wp-json\/wp\/v2\/types\/product"}],"wp:featuredmedia":[{"embeddable":true,"href":"https:\/\/stage.sahm-splice.com\/de\/wp-json\/wp\/v2\/media\/13087"}],"wp:attachment":[{"href":"https:\/\/stage.sahm-splice.com\/de\/wp-json\/wp\/v2\/media?parent=10961"}],"wp:term":[{"taxonomy":"product_brand","embeddable":true,"href":"https:\/\/stage.sahm-splice.com\/de\/wp-json\/wp\/v2\/product_brand?post=10961"},{"taxonomy":"product_cat","embeddable":true,"href":"https:\/\/stage.sahm-splice.com\/de\/wp-json\/wp\/v2\/product_cat?post=10961"},{"taxonomy":"product_tag","embeddable":true,"href":"https:\/\/stage.sahm-splice.com\/de\/wp-json\/wp\/v2\/product_tag?post=10961"}],"curies":[{"name":"wp","href":"https:\/\/api.w.org\/{rel}","templated":true}]}}