{"id":10960,"date":"2018-04-09T15:50:43","date_gmt":"2020-07-20T14:34:48","guid":{"rendered":"https:\/\/www.sahm-splice.com\/?post_type=product&#038;p=10960"},"modified":"2025-06-10T14:03:18","modified_gmt":"2025-06-10T12:03:18","slug":"flaemisch-auge","status":"publish","type":"product","link":"https:\/\/stage.sahm-splice.com\/de\/produkte\/pressklemmen\/stahl\/flaemisch-auge\/","title":{"rendered":"Stahl Pressklemmen Fl\u00e4misch Auge"},"content":{"rendered":"","protected":false},"excerpt":{"rendered":"<p>Stahl Pressklemmen f\u00fcr die Herstellung von Fl\u00e4misch Auge Anschlagseilen.<\/p>\n<ul class=\"uk-list uk-list-bullet\">\n<li>Geeignet f\u00fcr den Einsatz im Hochtemperaturbereich (z. B. Hoch\u00f6fen)<\/li>\n<li>Weit verbreitet im Offshore Bereich<\/li>\n<li>Lieferbar in den Gr\u00f6\u00dfen 1\/4&#8243; &#8211; 5&#8243;<\/li>\n<li>Verarbeitung mit unseren <a href=\"https:\/\/www.sahm-splice.com\/de\/produkte\/werkzeuge-zubehoer\/pressbacken\/flaemisch-auge-2\/\">Pressbacken &#8222;Fl\u00e4misch Auge&#8220;<\/a><\/li>\n<\/ul>\n","protected":false},"featured_media":12727,"template":"","meta":{"wds_primary_product_brand":0,"wds_primary_product_cat":311},"product_brand":[],"product_cat":[311],"product_tag":[],"class_list":{"0":"post-10960","1":"product","2":"type-product","3":"status-publish","4":"has-post-thumbnail","6":"product_cat-stahl","8":"first","9":"instock","10":"shipping-taxable","11":"product-type-simple"},"_links":{"self":[{"href":"https:\/\/stage.sahm-splice.com\/de\/wp-json\/wp\/v2\/product\/10960","targetHints":{"allow":["GET"]}}],"collection":[{"href":"https:\/\/stage.sahm-splice.com\/de\/wp-json\/wp\/v2\/product"}],"about":[{"href":"https:\/\/stage.sahm-splice.com\/de\/wp-json\/wp\/v2\/types\/product"}],"wp:featuredmedia":[{"embeddable":true,"href":"https:\/\/stage.sahm-splice.com\/de\/wp-json\/wp\/v2\/media\/12727"}],"wp:attachment":[{"href":"https:\/\/stage.sahm-splice.com\/de\/wp-json\/wp\/v2\/media?parent=10960"}],"wp:term":[{"taxonomy":"product_brand","embeddable":true,"href":"https:\/\/stage.sahm-splice.com\/de\/wp-json\/wp\/v2\/product_brand?post=10960"},{"taxonomy":"product_cat","embeddable":true,"href":"https:\/\/stage.sahm-splice.com\/de\/wp-json\/wp\/v2\/product_cat?post=10960"},{"taxonomy":"product_tag","embeddable":true,"href":"https:\/\/stage.sahm-splice.com\/de\/wp-json\/wp\/v2\/product_tag?post=10960"}],"curies":[{"name":"wp","href":"https:\/\/api.w.org\/{rel}","templated":true}]}}