{"id":10947,"date":"2018-04-23T11:56:26","date_gmt":"2020-07-20T14:23:28","guid":{"rendered":"https:\/\/www.sahm-splice.com\/?post_type=product&#038;p=10947"},"modified":"2025-06-10T14:03:06","modified_gmt":"2025-06-10T12:03:06","slug":"typ-1225","status":"publish","type":"product","link":"https:\/\/stage.sahm-splice.com\/de\/produkte\/trennmaschinen\/typ-1225\/","title":{"rendered":"Trennmaschine Typ 1225"},"content":{"rendered":"","protected":false},"excerpt":{"rendered":"<p>Die aus den Erfahrungen der Praxis entwickelte Drahtseilgl\u00fch-, Trenn- und Anspitzmaschinen Typ 1224, 1225 and 1226, sind f\u00fcr das Anspitzen und Trennen von Drahtseilen in den Durchmessern von 4-30, 8-40 and 12-60 mm bestimmt, wobei die Enden der Drahtseile konisch verj\u00fcngt werden.<br \/>\n[cstm_product_headline_benefit]<\/p>\n<ul class=\"uk-list uk-list-bullet\">\n<li>Schnelles, zentrales Einspannen aller Drahtseile von 8-40 mm Durchmesser ohne Backenwechsel<\/li>\n<li>Kurze Gl\u00fchdauer durch Spezialtrafo<\/li>\n<li>Einfache Bedienung<\/li>\n<li>Leichte Anpassung der Anspitzl\u00e4nge durch stufenlose Verstellbarkeit des Spannbackenabstandes<\/li>\n<li>Keine Rauchbel\u00e4stigung durch vollst\u00e4ndige Absaugung der D\u00e4mpfe<\/li>\n<li>Kompakte Bauweise<\/li>\n<\/ul>\n[cstm_product_opt_link]\n","protected":false},"featured_media":16268,"template":"","meta":{"wds_primary_product_brand":0,"wds_primary_product_cat":306},"product_brand":[],"product_cat":[306],"product_tag":[],"class_list":{"0":"post-10947","1":"product","2":"type-product","3":"status-publish","4":"has-post-thumbnail","6":"product_cat-trennmaschinen","8":"first","9":"instock","10":"shipping-taxable","11":"product-type-simple"},"_links":{"self":[{"href":"https:\/\/stage.sahm-splice.com\/de\/wp-json\/wp\/v2\/product\/10947","targetHints":{"allow":["GET"]}}],"collection":[{"href":"https:\/\/stage.sahm-splice.com\/de\/wp-json\/wp\/v2\/product"}],"about":[{"href":"https:\/\/stage.sahm-splice.com\/de\/wp-json\/wp\/v2\/types\/product"}],"wp:featuredmedia":[{"embeddable":true,"href":"https:\/\/stage.sahm-splice.com\/de\/wp-json\/wp\/v2\/media\/16268"}],"wp:attachment":[{"href":"https:\/\/stage.sahm-splice.com\/de\/wp-json\/wp\/v2\/media?parent=10947"}],"wp:term":[{"taxonomy":"product_brand","embeddable":true,"href":"https:\/\/stage.sahm-splice.com\/de\/wp-json\/wp\/v2\/product_brand?post=10947"},{"taxonomy":"product_cat","embeddable":true,"href":"https:\/\/stage.sahm-splice.com\/de\/wp-json\/wp\/v2\/product_cat?post=10947"},{"taxonomy":"product_tag","embeddable":true,"href":"https:\/\/stage.sahm-splice.com\/de\/wp-json\/wp\/v2\/product_tag?post=10947"}],"curies":[{"name":"wp","href":"https:\/\/api.w.org\/{rel}","templated":true}]}}