{"id":10391,"date":"2020-07-20T11:55:58","date_gmt":"2020-07-20T11:55:58","guid":{"rendered":"https:\/\/www.sahm-splice.com\/?page_id=10391"},"modified":"2021-11-03T11:30:39","modified_gmt":"2021-11-03T10:30:39","slug":"seilklemmenpressen","status":"publish","type":"page","link":"https:\/\/stage.sahm-splice.com\/de\/seilklemmenpressen\/","title":{"rendered":"Seilklemmenpressen"},"content":{"rendered":"<h1>SAHM \u00ae Pressen<\/h1>\n<h2>Hydraulische Seilklemmenpressen<\/h2>\n<p><a href=\"#product-information\">[chevron-down]<\/a><br \/>\n<img decoding=\"async\" src=\"\/wp-content\/uploads\/sahm-splice-swaging-machine-4000t-down-stroke-main.jpg\" alt=\"SAHM 400t down stroke swaging machine\"><\/p>\n<h2>Effizienz und Qualit\u00e4t kombiniert<\/h2>\n<div>Wir streben immer nach h\u00f6chster Qualit\u00e4t, sind uns aber auch bewusst, dass Ihre Mitarbeiter effizient arbeiten m\u00fcssen. Deshalb entwickeln wir unsere Maschinen immer in enger Zusammenarbeit mit unseren Kunden.<\/div>\n<ul>\n<li>\n<p>        <img decoding=\"async\" src=\"\/wp-content\/uploads\/icon-swaging-machine-clean-black.svg\" alt=\"\"><\/p>\n<h3>Presskraft<\/h3>\n<div>\n<p>Von manuellen Handpressen mit 250 kN bis zu automatischen Maschinen mit einer Kapazit\u00e4t von <span class=\"uk-text-truncate\">40.000 kN. <\/span><\/p>\n<\/div>\n<\/li>\n<li>\n<p>        <img decoding=\"async\" src=\"\/wp-content\/uploads\/icon-ferrule-clean-black.svg\" alt=\"\"><\/p>\n<h3>Klemmengr\u00f6\u00dfe<\/h3>\n<div>\n<p>Sie k\u00f6nnen alle Klemmensorten von <span class=\"uk-text-truncate\">Gr\u00f6\u00dfe 1<\/span> bis <span class=\"uk-text-truncate\">Z 102<\/span> und <span class=\"uk-text-truncate\">Fl\u00e4misch Auge Klemmen<\/span> bis 6&#8243; verpressen.<\/p>\n<\/div>\n<\/li>\n<li>\n<p>        <img decoding=\"async\" src=\"\/wp-content\/uploads\/icon-instructions-clean-black.svg\" alt=\"\"><\/p>\n<h3>Kolbenhub<\/h3>\n<div>Je nach Maschine zwischen 20 und 260 mm.<\/div>\n<\/li>\n<li>\n<p>        <img decoding=\"async\" src=\"\/wp-content\/uploads\/icon-sahm-splice-clean-black.svg\" alt=\"\"><\/p>\n<h3>Einfach zu bedienen<\/h3>\n<div>Manuelle und automatische Funktionen &#8211; abgestimmt auf den allt\u00e4glichen Gebrauch<\/div>\n<\/li>\n<li>\n<p>        <img decoding=\"async\" src=\"\/wp-content\/uploads\/icon-sahm-splice-clean-black.svg\" alt=\"\"><\/p>\n<h3>Leistungsstark<\/h3>\n<div>Schnelle Presszyklen dank einer hohen Lasthubgeschwindigkeit<\/div>\n<\/li>\n<li>\n<p>        <img decoding=\"async\" src=\"\/wp-content\/uploads\/icon-sahm-splice-clean-black.svg\" alt=\"\"><\/p>\n<h3>Zuverl\u00e4ssig<\/h3>\n<div>Qualitativ hochwertige Komponenten von f\u00fchrenden Herstellern garantieren eine hohe Maschinenverf\u00fcgbarkeit.<\/div>\n<\/li>\n<\/ul>\n<ul>\n<li>\n<p>        <img decoding=\"async\" src=\"\/wp-content\/uploads\/swaging-machine-gallery-end-termination.jpg\" alt=\"End termination of ferrules\"><\/p>\n<h3>End termination of ferrules<\/h3>\n<\/li>\n<li>\n<p>        <img decoding=\"async\" src=\"\/wp-content\/uploads\/swaging-machine-gallery-instructions.jpg\" alt=\"Training &#038; advice\"><\/p>\n<h3>Training &#038; advice<\/h3>\n<\/li>\n<li>\n<p>        <img decoding=\"async\" src=\"\/wp-content\/uploads\/swaging-machine-gallery-400t.jpg\" alt=\"On-site service\"><\/p>\n<h3>On-site service<\/h3>\n<\/li>\n<li>\n<p>        <img decoding=\"async\" src=\"\/wp-content\/uploads\/swaging-machine-gallery-800t.jpg\" alt=\"800t swaging machine\"><\/p>\n<h3>800t swaging machine<\/h3>\n<\/li>\n<li>\n<p>        <img decoding=\"async\" src=\"\/wp-content\/uploads\/swaging-machine-detail-form.jpg\" alt=\"Swaging die\"><\/p>\n<h3>Swaging die<\/h3>\n<\/li>\n<li>\n<p>        <img decoding=\"async\" src=\"\/wp-content\/uploads\/swaging-machine-blank-machines.jpg\" alt=\"Production hall\"><\/p>\n<h3>Production hall<\/h3>\n<\/li>\n<\/ul>\n<h2>Eigenschaften<\/h2>\n<div>&#8230;zur Steigerung der Effizienz<\/div>\n<ul>\n<li>\n<p>        <img decoding=\"async\" src=\"\/wp-content\/uploads\/swaging-machine-die-holder.jpg\" alt=\"Swaging die holder\"><\/p>\n<h3>Pressbackenaufnahme<\/h3>\n<div>\n<p>Ausgelegt auf einen schnellen Austausch der Pressbacken<\/p>\n<p>Option: Adapter f\u00fcr den Gebrauch kleinerer Pressbacken.<\/p>\n<\/div>\n<\/li>\n<li>\n<p>        <img decoding=\"async\" src=\"\/wp-content\/uploads\/swaging-machine-control-panel.jpg\" alt=\"Control Panel\"><\/p>\n<h3>Steuerung<\/h3>\n<div>\n<p>Die Steuerung ist optimal positioniert und kann intuitiv bedient werden. Die Dokumentation und Beschilderung kann in der jeweiligen Landessprache geliefert werden.<\/p>\n<\/div>\n<\/li>\n<li>\n<p>        <img decoding=\"async\" src=\"\/wp-content\/uploads\/12500t-swaging-press-rigging-arm-1.jpg\" alt=\"\"><\/p>\n<h3>Rigging Arm<\/h3>\n<div>\n<p>Dient als Hilfsmittel f\u00fcr den Bediener, um leicht und ohne Kraftaufwand r\u00fcckgebogene Drahtseilschlaufen mit oder ohne Kausche herzustellen.<\/p>\n<\/div>\n<p><a href=\"\/de\/produkte\/seilklemmenpressen\/rigging-arm-fuer-drahtseile\/\">ansehen<\/a><\/p>\n<\/li>\n<\/ul>\n<h2>Pressvorgang<\/h2>\n<div>Sehen Sie sich an, wie unsere 40.000 kN Presse bedient wird.<\/div>\n<p><video src=\"\/wp-content\/uploads\/40000kn-hydraulic-swager.mp4\" poster=\"\/wp-content\/uploads\/40000kn-hydraulic-swager-thumb.jpg\"><\/video><\/p>\n<div>Wussten Sie, dass wir noch mehr Videos von unseren Pressen haben?<\/div>\n<p>\n    <a href=\"\/de\/videos\/\">Mehr Videos<\/a>\n<\/p>\n<p>\n    <a href=\"\/de\/produktkategorie\/seilklemmenpressen\/\">Alle Seilklemmenpressen<\/a>\n<\/p>\n<p>\n    <a href=\"\/de\/produktkategorie\/seilklemmenpressen\/\">Alle Seilklemmenpressen<\/a>\n<\/p>\n<p><!--more--><br \/>\n<!-- {\"name\":\"\",\"type\":\"layout\",\"children\":[{\"name\":\"Hero\",\"type\":\"section\",\"props\":{\"style\":\"secondary\",\"width\":\"large\",\"vertical_align\":\"middle\",\"title_position\":\"top-left\",\"title_rotation\":\"left\",\"title_breakpoint\":\"xl\",\"image_position\":\"center-center\",\"padding\":\"xlarge\",\"header_transparent\":\"light\",\"header_transparent_noplaceholder\":true,\"class\":\"cstm-top-banner-20mob\",\"image\":\"\",\"height\":\"full\",\"image_size\":\"cover\",\"image_effect\":\"parallax\",\"image_parallax_bgx_start\":\"0\",\"image_parallax_bgx_end\":\"-60\",\"image_parallax_breakpoint\":\"s\",\"video\":\"wp-content\\\/uploads\\\/bg-video-4000t-swager-v2.mp4\",\"media_overlay\":\"rgba(17, 17, 17, 0.6)\"},\"children\":[{\"name\":\"\",\"type\":\"row\",\"children\":[{\"name\":\"\",\"type\":\"column\",\"props\":{\"image_position\":\"center-center\",\"image\":\"\",\"image_effect\":\"parallax\",\"image_parallax_bgy_start\":-10,\"image_parallax_bgy_end\":-90,\"media_overlay_gradient\":\"\",\"width_medium\":\"1-1\"},\"children\":[{\"name\":\"\",\"type\":\"headline\",\"props\":{\"title_element\":\"h1\",\"content\":\"SAHM \\u00ae Pressen\",\"title_style\":\"h4\",\"title_decoration\":\"line\",\"animation\":\"parallax\",\"parallax_target\":false,\"margin\":\"small\",\"text_align\":\"center\",\"text_align_fallback\":\"center\",\"parallax_breakpoint\":\"s\",\"parallax_viewport\":\"0.95\",\"parallax_opacity_start\":\"1\",\"parallax_opacity_end\":\"0\",\"maxwidth\":\"large\",\"maxwidth_breakpoint\":\"m\",\"block_align\":\"center\"}},{\"name\":\"\",\"type\":\"headline\",\"props\":{\"title_element\":\"h2\",\"content\":\"Hydraulische Seilklemmenpressen\",\"title_style\":\"heading-large\",\"animation\":\"parallax\",\"parallax_easing\":0.8,\"parallax_viewport\":\"0.95\",\"parallax_y_start\":\"0\",\"parallax_y_end\":\"60\",\"parallax_target\":false,\"text_align\":\"center\",\"text_align_fallback\":\"center\",\"parallax_breakpoint\":\"s\",\"parallax_opacity_start\":\"1\",\"parallax_opacity_end\":\"0\"}},{\"name\":\"ar-down\",\"type\":\"icon\",\"props\":{\"icon\":\"chevron-down\",\"margin\":\"large\",\"link\":\"#product-information\",\"text_align\":\"center\",\"visibility\":\"m\",\"icon_width\":80}}]}]}]},{\"name\":\"\",\"type\":\"section\",\"props\":{\"style\":\"default\",\"width\":\"large\",\"vertical_align\":\"middle\",\"title_position\":\"top-left\",\"title_rotation\":\"left\",\"title_breakpoint\":\"xl\",\"image_position\":\"center-center\",\"animation\":\"fade\",\"animation_delay\":false,\"id\":\"product-information\",\"padding_remove_bottom\":false,\"image\":\"\",\"image_effect\":\"parallax\",\"image_parallax_bgx_start\":\"-300\",\"image_parallax_bgx_end\":\"-420\",\"image_parallax_bgy_end\":\"-620\",\"image_parallax_bgy_start\":\"-580\",\"image_parallax_breakpoint\":\"s\",\"media_visibility\":\"s\"},\"children\":[{\"name\":\"\",\"type\":\"row\",\"props\":{\"margin\":\"large\"},\"children\":[{\"name\":\"\",\"type\":\"column\",\"props\":{\"image_position\":\"center-center\",\"media_overlay_gradient\":\"\",\"width_medium\":\"1-1\"},\"children\":[{\"name\":\"\",\"type\":\"image\",\"props\":{\"margin\":\"default\",\"image\":\"wp-content\\\/uploads\\\/sahm-splice-swaging-machine-4000t-down-stroke-main.jpg\",\"text_align\":\"center\",\"image_alt\":\"SAHM 400t down stroke swaging machine\",\"image_height\":\"800\",\"image_svg_color\":\"emphasis\"}}]}]},{\"name\":\"\",\"type\":\"row\",\"props\":{\"width\":\"small\"},\"children\":[{\"name\":\"\",\"type\":\"column\",\"props\":{\"image_position\":\"center-center\",\"media_overlay_gradient\":\"\",\"width_medium\":\"1-1\"},\"children\":[{\"name\":\"\",\"type\":\"headline\",\"props\":{\"title_element\":\"h2\",\"text_align\":\"center\",\"content\":\"Effizienz und Qualit\\u00e4t kombiniert\",\"title_style\":\"heading-small\",\"margin_remove_top\":true,\"margin\":\"default\"}},{\"name\":\"\",\"type\":\"text\",\"props\":{\"margin\":\"default\",\"column_breakpoint\":\"m\",\"text_style\":\"lead\",\"text_align\":\"center\",\"content\":\"Wir streben immer nach h\\u00f6chster Qualit\\u00e4t, sind uns aber auch bewusst, dass Ihre Mitarbeiter effizient arbeiten m\\u00fcssen. Deshalb entwickeln wir unsere Maschinen immer in enger Zusammenarbeit mit unseren Kunden.\"}}]}]},{\"name\":\"\",\"type\":\"row\",\"props\":{\"vertical_align\":true,\"margin\":\"large\",\"column_gap\":\"collapse\",\"row_gap\":\"collapse\"},\"children\":[{\"name\":\"\",\"type\":\"column\",\"props\":{\"image_position\":\"center-center\",\"image\":\"\",\"image_size\":\"cover\",\"padding\":\"large\",\"vertical_align\":\"middle\",\"media_overlay_gradient\":\"\",\"width_medium\":\"1-1\"},\"children\":[{\"name\":\"\",\"type\":\"grid\",\"props\":{\"show_title\":true,\"show_meta\":true,\"show_content\":true,\"show_image\":true,\"show_link\":true,\"grid_default\":\"1\",\"grid_medium\":\"3\",\"title_element\":\"h3\",\"meta_style\":\"meta\",\"meta_align\":\"below-title\",\"image_align\":\"left\",\"image_grid_width\":\"1-4\",\"link_text\":\"Read more\",\"link_style\":\"default\",\"margin\":\"default\",\"title_style\":\"h3\",\"panel_size\":\"small\",\"css\":\".el-item{background:transparent;}\\n\",\"grid_small\":\"2\",\"text_align\":\"left\",\"text_align_breakpoint\":\"m\",\"text_align_fallback\":\"center\",\"filter_style\":\"tab\",\"filter_all\":true,\"filter_position\":\"top\",\"filter_align\":\"left\",\"filter_grid_width\":\"auto\",\"image_svg_color\":\"\",\"item_animation\":true,\"image_svg_inline\":true,\"image_svg_animate\":false,\"title_align\":\"top\",\"title_grid_width\":\"1-2\",\"grid_column_gap\":\"large\",\"grid_row_gap\":\"large\",\"grid_divider\":false,\"filter_grid_breakpoint\":\"m\",\"title_grid_breakpoint\":\"m\",\"image_grid_column_gap\":\"small\",\"image_grid_row_gap\":\"small\",\"image_grid_breakpoint\":\"m\",\"title_hover_style\":\"reset\",\"icon_width\":80,\"meta_element\":\"div\",\"content_column_breakpoint\":\"m\"},\"children\":[{\"name\":\"\",\"type\":\"grid_item\",\"props\":{\"title\":\"Presskraft\",\"content\":\"\n\n<p>Von manuellen Handpressen mit 250 kN bis zu automatischen Maschinen mit einer Kapazit\\u00e4t von <span class=\\\"uk-text-truncate\\\">40.000 kN. <\\\/span><\\\/p>\",\"image\":\"\\\/wp-content\\\/uploads\\\/icon-swaging-machine-clean-black.svg\"}},{\"name\":\"\",\"type\":\"grid_item\",\"props\":{\"title\":\"Klemmengr\\u00f6\\u00dfe\",\"content\":\"\n\n<p>Sie k\\u00f6nnen alle Klemmensorten von <span class=\\\"uk-text-truncate\\\">Gr\\u00f6\\u00dfe 1<\\\/span> bis <span class=\\\"uk-text-truncate\\\">Z 102<\\\/span> und <span class=\\\"uk-text-truncate\\\">Fl\\u00e4misch Auge Klemmen<\\\/span> bis 6\\\" verpressen.<\\\/p>\",\"image\":\"\\\/wp-content\\\/uploads\\\/icon-ferrule-clean-black.svg\"}},{\"name\":\"\",\"type\":\"grid_item\",\"props\":{\"title\":\"Kolbenhub\",\"content\":\"Je nach Maschine zwischen 20 und 260 mm.\",\"image\":\"wp-content\\\/uploads\\\/icon-instructions-clean-black.svg\"}},{\"name\":\"\",\"type\":\"grid_item\",\"props\":{\"title\":\"Einfach zu bedienen\",\"content\":\"Manuelle und automatische Funktionen - abgestimmt auf den allt\\u00e4glichen Gebrauch\",\"image\":\"wp-content\\\/uploads\\\/icon-sahm-splice-clean-black.svg\",\"icon\":\"\"}},{\"name\":\"\",\"type\":\"grid_item\",\"props\":{\"title\":\"Leistungsstark\",\"content\":\"Schnelle Presszyklen dank einer hohen Lasthubgeschwindigkeit\",\"image\":\"wp-content\\\/uploads\\\/icon-sahm-splice-clean-black.svg\",\"icon\":\"\"}},{\"name\":\"\",\"type\":\"grid_item\",\"props\":{\"title\":\"Zuverl\\u00e4ssig\",\"content\":\"Qualitativ hochwertige Komponenten von f\\u00fchrenden Herstellern garantieren eine hohe Maschinenverf\\u00fcgbarkeit.\",\"image\":\"wp-content\\\/uploads\\\/icon-sahm-splice-clean-black.svg\",\"icon\":\"\"}}]}]}]}]},{\"name\":\"SS Big Gallery\",\"type\":\"section\",\"props\":{\"style\":\"default\",\"width\":\"expand\",\"vertical_align\":\"middle\",\"title_position\":\"top-left\",\"title_rotation\":\"left\",\"title_breakpoint\":\"xl\",\"image_position\":\"center-center\",\"padding\":\"xsmall\"},\"children\":[{\"name\":\"\",\"type\":\"row\",\"props\":{\"margin\":\"small\"},\"children\":[{\"name\":\"\",\"type\":\"column\",\"props\":{\"image_position\":\"center-center\",\"media_overlay_gradient\":\"\",\"width_medium\":\"1-1\"},\"children\":[{\"name\":\"big gallery\",\"type\":\"gallery\",\"props\":{\"show_title\":false,\"show_meta\":true,\"show_content\":true,\"show_link\":true,\"show_hover_image\":true,\"grid_default\":\"1\",\"grid_medium\":\"3\",\"filter_style\":\"tab\",\"filter_all\":true,\"filter_position\":\"top\",\"filter_align\":\"left\",\"filter_grid_width\":\"auto\",\"overlay_mode\":\"caption\",\"overlay_position\":\"center\",\"overlay_transition\":\"fade\",\"title_element\":\"h3\",\"meta_style\":\"meta\",\"meta_align\":\"below-title\",\"text_align\":\"center\",\"margin\":\"default\",\"grid_masonry\":true,\"lightbox\":false,\"overlay_hover\":true,\"overlay_style\":\"tile-secondary\",\"grid_small\":\"2\",\"text_color\":\"light\",\"item_animation\":true,\"overlay_padding\":\"small\",\"link_text\":\"\",\"link_style\":\"default\",\"grid_column_gap\":\"small\",\"grid_row_gap\":\"small\",\"filter_grid_breakpoint\":\"m\",\"image_orientation\":true,\"image_width\":\"1280\",\"overlay_link\":true,\"title_hover_style\":\"reset\",\"meta_element\":\"div\"},\"children\":[{\"name\":\"\",\"type\":\"gallery_item\",\"props\":{\"image\":\"wp-content\\\/uploads\\\/swaging-machine-gallery-end-termination.jpg\",\"title\":\"End termination of ferrules\",\"hover_image\":null,\"image_alt\":\"End termination of ferrules\"}},{\"name\":\"\",\"type\":\"gallery_item\",\"props\":{\"image\":\"wp-content\\\/uploads\\\/swaging-machine-gallery-instructions.jpg\",\"title\":\"Training & advice\",\"hover_image\":null,\"image_alt\":\"Training & advice\"}},{\"name\":\"\",\"type\":\"gallery_item\",\"props\":{\"image\":\"wp-content\\\/uploads\\\/swaging-machine-gallery-400t.jpg\",\"title\":\"On-site service\",\"hover_image\":null,\"image_alt\":\"On-site service\"}},{\"name\":\"\",\"type\":\"gallery_item\",\"props\":{\"image\":\"wp-content\\\/uploads\\\/swaging-machine-gallery-800t.jpg\",\"title\":\"800t swaging machine\",\"hover_image\":null,\"image_alt\":\"800t swaging machine\"}},{\"name\":\"\",\"type\":\"gallery_item\",\"props\":{\"image\":\"wp-content\\\/uploads\\\/swaging-machine-detail-form.jpg\",\"title\":\"Swaging die\",\"hover_image\":null,\"image_alt\":\"Swaging die\"}},{\"name\":\"\",\"type\":\"gallery_item\",\"props\":{\"image\":\"wp-content\\\/uploads\\\/swaging-machine-blank-machines.jpg\",\"title\":\"Production hall\",\"hover_image\":null,\"image_alt\":\"Production hall\"}}]}]}]}]},{\"name\":\"Main Features\",\"type\":\"section\",\"props\":{\"style\":\"secondary\",\"width\":\"expand\",\"vertical_align\":\"middle\",\"title_position\":\"top-left\",\"title_rotation\":\"left\",\"title_breakpoint\":\"xl\",\"image_position\":\"center-center\",\"id\":\"features\",\"preserve_color\":true,\"image\":\"\",\"media_overlay\":\"rgba(17, 17, 17, 0.66)\",\"media_background\":null,\"image_size\":\"cover\",\"image_effect\":\"parallax\",\"image_parallax_bgy_start\":\"-80\",\"image_parallax_bgy_end\":\"80\",\"video\":\"\"},\"children\":[{\"name\":\"\",\"type\":\"row\",\"props\":{\"width\":\"small\",\"margin\":\"large\"},\"children\":[{\"name\":\"\",\"type\":\"column\",\"props\":{\"image_position\":\"center-center\",\"media_overlay_gradient\":\"\",\"width_medium\":\"1-1\"},\"children\":[{\"name\":\"\",\"type\":\"headline\",\"props\":{\"title_element\":\"h2\",\"content\":\"Eigenschaften\",\"text_align\":\"center\",\"css\":\".el-element {color:#fff}\",\"margin_remove_bottom\":true,\"class\":\"uk-text-uppercase\",\"title_style\":\"heading-small\"}},{\"name\":\"\",\"type\":\"text\",\"props\":{\"margin\":\"default\",\"column_breakpoint\":\"m\",\"content\":\"...zur Steigerung der Effizienz\",\"text_style\":\"lead\",\"text_align\":\"center\",\"css\":\".el-element {color:#fff}\",\"margin_remove_top\":true}}]}]},{\"name\":\"\",\"type\":\"row\",\"props\":{\"width\":\"large\",\"margin\":\"large\"},\"children\":[{\"name\":\"\",\"type\":\"column\",\"props\":{\"image_position\":\"center-center\",\"media_overlay_gradient\":\"\",\"width_medium\":\"1-1\"},\"children\":[{\"name\":\"\",\"type\":\"grid\",\"props\":{\"show_title\":true,\"show_meta\":true,\"show_content\":true,\"show_image\":true,\"show_link\":true,\"grid_default\":\"1\",\"grid_medium\":\"\",\"title_element\":\"h3\",\"meta_style\":\"meta\",\"meta_align\":\"below-title\",\"image_align\":\"top\",\"image_grid_width\":\"1-2\",\"link_text\":\"ansehen\",\"link_style\":\"primary\",\"margin\":\"default\",\"grid_small\":\"3\",\"panel_style\":\"card-default\",\"grid_mode\":\"\",\"grid_parallax_y\":80,\"item_maxwidth\":\"xlarge\",\"text_align\":\"left\",\"class\":\"\",\"css\":\".el-title {color:#111;}\",\"image_width\":\"600\",\"image_height\":\"400\",\"filter_style\":\"tab\",\"filter_all\":true,\"filter_position\":\"top\",\"filter_align\":\"left\",\"filter_grid_width\":\"auto\",\"image_svg_color\":\"emphasis\",\"item_animation\":true,\"panel_card_image\":true,\"title_align\":\"top\",\"title_grid_width\":\"1-2\",\"grid_column_gap\":\"small\",\"grid_row_gap\":\"small\",\"filter_grid_breakpoint\":\"m\",\"title_grid_breakpoint\":\"m\",\"image_grid_breakpoint\":\"m\",\"title_hover_style\":\"reset\",\"icon_width\":80,\"meta_element\":\"div\",\"content_column_breakpoint\":\"m\"},\"children\":[{\"name\":\"\",\"type\":\"grid_item\",\"props\":{\"title\":\"Pressbackenaufnahme\",\"content\":\"\n\n<p>Ausgelegt auf einen schnellen Austausch der Pressbacken<\\\/p>\\n\n\n<p>Option: Adapter f\\u00fcr den Gebrauch kleinerer Pressbacken.<\\\/p>\",\"image\":\"wp-content\\\/uploads\\\/swaging-machine-die-holder.jpg\",\"image_alt\":\"Swaging die holder\"}},{\"name\":\"\",\"type\":\"grid_item\",\"props\":{\"title\":\"Steuerung\",\"content\":\"\n\n<p>Die Steuerung ist optimal positioniert und kann intuitiv bedient werden. Die Dokumentation und Beschilderung kann in der jeweiligen Landessprache geliefert werden.<\\\/p>\",\"image\":\"wp-content\\\/uploads\\\/swaging-machine-control-panel.jpg\",\"image_alt\":\"Control Panel\"}},{\"name\":\"\",\"type\":\"grid_item\",\"props\":{\"title\":\"Rigging Arm\",\"content\":\"\n\n<p>Dient als Hilfsmittel f\\u00fcr den Bediener, um leicht und ohne Kraftaufwand r\\u00fcckgebogene Drahtseilschlaufen mit oder ohne Kausche herzustellen.<\\\/p>\",\"image\":\"wp-content\\\/uploads\\\/12500t-swaging-press-rigging-arm-1.jpg\",\"link\":\"de\\\/produkte\\\/seilklemmenpressen\\\/rigging-arm-fuer-drahtseile\\\/\"}}]}]}]}]},{\"name\":\"Main Features\",\"type\":\"section\",\"props\":{\"style\":\"muted\",\"width\":\"expand\",\"vertical_align\":\"middle\",\"title_position\":\"top-left\",\"title_rotation\":\"left\",\"title_breakpoint\":\"xl\",\"image_position\":\"center-center\",\"id\":\"features\",\"preserve_color\":false,\"padding\":\"large\",\"image\":\"\",\"media_overlay\":\"rgba(17, 17, 17, 0.9)\",\"media_background\":null,\"image_size\":\"cover\",\"image_effect\":\"parallax\",\"image_parallax_bgy_start\":\"-80\",\"image_parallax_bgy_end\":\"80\",\"media_blend_mode\":\"multiply\"},\"children\":[{\"name\":\"\",\"type\":\"row\",\"props\":{\"width\":\"small\",\"margin\":\"large\"},\"children\":[{\"name\":\"\",\"type\":\"column\",\"props\":{\"image_position\":\"center-center\",\"media_overlay_gradient\":\"\",\"width_medium\":\"1-1\"},\"children\":[{\"name\":\"\",\"type\":\"headline\",\"props\":{\"title_element\":\"h2\",\"content\":\"Pressvorgang\",\"text_align\":\"center\",\"margin_remove_bottom\":true,\"class\":\"uk-text-uppercase\",\"title_style\":\"heading-small\"}},{\"name\":\"\",\"type\":\"text\",\"props\":{\"margin\":\"default\",\"column_breakpoint\":\"m\",\"content\":\"Sehen Sie sich an, wie unsere 40.000 kN Presse bedient wird.\",\"text_style\":\"lead\",\"text_align\":\"center\",\"margin_remove_top\":true}}]}]},{\"name\":\"\",\"type\":\"row\",\"props\":{\"match\":true,\"width\":\"small\",\"column_gap\":\"small\",\"row_gap\":\"small\"},\"children\":[{\"name\":\"\",\"type\":\"column\",\"props\":{\"image_position\":\"center-center\",\"media_overlay_gradient\":\"\",\"width_medium\":\"1-1\"},\"children\":[{\"name\":\"\",\"type\":\"video\",\"props\":{\"video_controls\":true,\"margin\":\"default\",\"text_align\":\"center\",\"video\":\"wp-content\\\/uploads\\\/40000kn-hydraulic-swager.mp4\",\"video_width\":\"1280\",\"video_height\":\"720\",\"video_autoplay\":\"\",\"video_box_shadow\":\"\",\"video_box_decoration\":\"\",\"video_loop\":false,\"video_lazyload\":true,\"video_poster\":\"wp-content\\\/uploads\\\/40000kn-hydraulic-swager-thumb.jpg\"}}]}]},{\"name\":\"\",\"type\":\"row\",\"props\":{\"match\":true,\"width\":\"small\",\"margin\":\"large\",\"column_gap\":\"small\",\"row_gap\":\"small\"},\"children\":[{\"name\":\"\",\"type\":\"column\",\"props\":{\"image_position\":\"center-center\",\"media_overlay_gradient\":\"\",\"width_medium\":\"1-1\"},\"children\":[{\"name\":\"\",\"type\":\"text\",\"props\":{\"margin\":\"default\",\"column_breakpoint\":\"m\",\"content\":\"Wussten Sie, dass wir noch mehr Videos von unseren Pressen haben?\",\"text_style\":\"lead\",\"text_align\":\"center\",\"margin_remove_top\":true}},{\"type\":\"button\",\"props\":{\"margin\":\"default\",\"text_align\":\"center\",\"grid_column_gap\":\"small\",\"grid_row_gap\":\"small\"},\"children\":[{\"type\":\"button_item\",\"props\":{\"button_style\":\"default\",\"icon_align\":\"left\",\"content\":\"Mehr Videos\",\"link\":\"de\\\/videos\\\/\",\"icon\":\"youtube\"}}]}]}]}]},{\"name\":\"Ferrles- Testing Services\",\"type\":\"section\",\"props\":{\"style\":\"secondary\",\"width\":\"expand\",\"vertical_align\":\"middle\",\"title_position\":\"top-left\",\"title_rotation\":\"left\",\"title_breakpoint\":\"xl\",\"image_position\":\"center-center\",\"preserve_color\":false,\"padding\":\"large\",\"image\":\"\",\"media_overlay\":\"rgba(17, 17, 17, 0.9)\",\"media_background\":null,\"image_size\":\"cover\",\"image_effect\":\"parallax\",\"image_parallax_bgy_start\":\"-80\",\"image_parallax_bgy_end\":\"80\",\"status\":\"\",\"class\":\"uk-hidden@s\"},\"children\":[{\"name\":\"\",\"type\":\"row\",\"props\":{\"class\":\"\"},\"children\":[{\"name\":\"\",\"type\":\"column\",\"props\":{\"image_position\":\"center-center\",\"media_overlay_gradient\":\"\",\"width_medium\":\"1-1\"},\"children\":[{\"name\":\"botton for features\",\"type\":\"button\",\"props\":{\"margin\":\"large\",\"button_size\":\"large\",\"text_align\":\"center\",\"class\":\"\",\"grid_column_gap\":\"\",\"grid_row_gap\":\"\"},\"children\":[{\"name\":\"\",\"type\":\"button_item\",\"props\":{\"button_style\":\"primary\",\"icon_align\":\"right\",\"content\":\"Alle Seilklemmenpressen\",\"icon\":\"chevron-right\",\"link\":\"de\\\/produktkategorie\\\/seilklemmenpressen\\\/\",\"link_title\":\"Seilklemmenpressen\"}}]}]}]}]},{\"name\":\"Product Range Button\",\"type\":\"section\",\"props\":{\"style\":\"default\",\"width\":\"large\",\"vertical_align\":\"middle\",\"title_position\":\"top-left\",\"title_rotation\":\"left\",\"title_breakpoint\":\"xl\",\"image_position\":\"center-center\",\"padding\":\"none\",\"class\":\"uk-visible@s\"},\"children\":[{\"name\":\"\",\"type\":\"row\",\"children\":[{\"name\":\"\",\"type\":\"column\",\"props\":{\"image_position\":\"center-center\",\"media_overlay_gradient\":\"\",\"width_medium\":\"1-1\"},\"children\":[{\"name\":\"botton for features\",\"type\":\"button\",\"props\":{\"margin\":\"large\",\"button_size\":\"large\",\"text_align\":\"center\",\"class\":\"uk-position-fixed cstm-productrange-button\",\"grid_column_gap\":\"\",\"grid_row_gap\":\"\"},\"children\":[{\"name\":\"\",\"type\":\"button_item\",\"props\":{\"button_style\":\"primary\",\"icon_align\":\"right\",\"content\":\"Alle Seilklemmenpressen\",\"icon\":\"chevron-right\",\"link\":\"de\\\/produktkategorie\\\/seilklemmenpressen\\\/\",\"link_title\":\"Alle Seilklemmenpressen\"}}]}]}]}]}],\"version\":\"2.6.5\"} --><\/p>\n","protected":false},"excerpt":{"rendered":"<p>SAHM \u00ae Pressen Hydraulische Seilklemmenpressen [chevron-down] Effizienz und Qualit\u00e4t kombiniert Wir streben immer nach h\u00f6chster Qualit\u00e4t, sind uns aber auch bewusst, dass Ihre Mitarbeiter effizient arbeiten m\u00fcssen. Deshalb entwickeln wir unsere Maschinen immer in enger Zusammenarbeit mit unseren Kunden. Presskraft Von manuellen Handpressen mit 250 kN bis zu automatischen Maschinen mit einer Kapazit\u00e4t von 40.000 [&hellip;]<\/p>\n","protected":false},"author":1,"featured_media":0,"parent":0,"menu_order":0,"comment_status":"closed","ping_status":"open","template":"","meta":{"footnotes":""},"class_list":["post-10391","page","type-page","status-publish","hentry"],"_links":{"self":[{"href":"https:\/\/stage.sahm-splice.com\/de\/wp-json\/wp\/v2\/pages\/10391","targetHints":{"allow":["GET"]}}],"collection":[{"href":"https:\/\/stage.sahm-splice.com\/de\/wp-json\/wp\/v2\/pages"}],"about":[{"href":"https:\/\/stage.sahm-splice.com\/de\/wp-json\/wp\/v2\/types\/page"}],"author":[{"embeddable":true,"href":"https:\/\/stage.sahm-splice.com\/de\/wp-json\/wp\/v2\/users\/1"}],"replies":[{"embeddable":true,"href":"https:\/\/stage.sahm-splice.com\/de\/wp-json\/wp\/v2\/comments?post=10391"}],"version-history":[{"count":0,"href":"https:\/\/stage.sahm-splice.com\/de\/wp-json\/wp\/v2\/pages\/10391\/revisions"}],"wp:attachment":[{"href":"https:\/\/stage.sahm-splice.com\/de\/wp-json\/wp\/v2\/media?parent=10391"}],"curies":[{"name":"wp","href":"https:\/\/api.w.org\/{rel}","templated":true}]}}