{"id":10341,"date":"2020-07-20T09:31:32","date_gmt":"2020-07-20T09:31:32","guid":{"rendered":"https:\/\/www.sahm-splice.com\/?page_id=10341"},"modified":"2025-05-05T13:08:27","modified_gmt":"2025-05-05T11:08:27","slug":"videos","status":"publish","type":"page","link":"https:\/\/stage.sahm-splice.com\/de\/videos\/","title":{"rendered":"Videos"},"content":{"rendered":"<h1>Videos<\/h1>\n<div>\n<p>Abonieren Sie unseren <a href=\"https:\/\/www.youtube.com\/channel\/UC4qvVHqdbdoM_wN4zSlGokQ\" target=\"_blank\" rel=\"noopener\" class=\"uk-link\">YouTube-Kanal<\/a> und erfahren Sie mehr \u00fcber das mechanische Splei\u00dfen und unsere Produkte.<\/p>\n<\/div>\n<p><video src=\"\/wp-content\/uploads\/12500kN-Swager-Rigging-Arm-720p.mp4\" poster=\"\/wp-content\/uploads\/12500kN-Swager-Rigging-Arm-poster.jpg\"><\/video><\/p>\n<h2>12500 kN Presse mit Rigging Arm<\/h2>\n<p><video src=\"\/wp-content\/uploads\/3000kN-Test-Bed-ae-720p.mp4\" poster=\"\/wp-content\/uploads\/3000kN-Test-Bed-poster.jpg\"><\/video><\/p>\n<h2>3000 kN Zugpr\u00fcfmaschine<\/h2>\n<p><video src=\"\/wp-content\/uploads\/415kn-one-column-swaging-machine.mp4\" poster=\"\/wp-content\/uploads\/415kn-one-column-swaging-machine-thumb.jpg\"><\/video><\/p>\n<h2>415 kN PLUS Oberkolbenpresse<\/h2>\n<p><video src=\"\/wp-content\/uploads\/6000kn-hydraulic-swager.mp4\" poster=\"\/wp-content\/uploads\/6000kn-hydraulic-swager-thumb.jpg\"><\/video><\/p>\n<h2>6 000 kN Eins\u00e4ulenpresse<\/h2>\n<p><video src=\"\/wp-content\/uploads\/250kn-mobile-hydraulic-swager.mp4\" poster=\"\/wp-content\/uploads\/250kn-mobile-hydraulic-swager-thumb.jpg\"><\/video><\/p>\n<h2>250 kN Elektro-hydraulische Presse<\/h2>\n<p><video src=\"\/wp-content\/uploads\/415kn-one-column-swaging-machine.mp4\" poster=\"\/wp-content\/uploads\/415kn-one-column-swaging-machine-thumb.jpg\"><\/video><\/p>\n<h2>415 kN PLUS Oberkolbenpresse<\/h2>\n<p><video src=\"\/wp-content\/uploads\/6000kn-hydraulic-swager.mp4\" poster=\"\/wp-content\/uploads\/6000kn-hydraulic-swager-thumb.jpg\"><\/video><\/p>\n<h2>6 000 kN Eins\u00e4ulenpresse<\/h2>\n<p><video src=\"\/wp-content\/uploads\/250kn-mobile-hydraulic-swager.mp4\" poster=\"\/wp-content\/uploads\/250kn-mobile-hydraulic-swager-thumb.jpg\"><\/video><\/p>\n<h2>250 kN Elektro-hydraulische Presse<\/h2>\n<p><video src=\"\/wp-content\/uploads\/40000kn-hydraulic-swager.mp4\" poster=\"\/wp-content\/uploads\/40000kn-hydraulic-swager-thumb.jpg\"><\/video><\/p>\n<h2>40 000 kN Oberkolbenpresse<\/h2>\n<p><video src=\"\/wp-content\/uploads\/testbed-options.mp4\" poster=\"\/wp-content\/uploads\/testbed-options-thumb.jpg\"><\/video><\/p>\n<h2>Optionen f\u00fcr Zugpr\u00fcfmaschinen<\/h2>\n<p><video src=\"\/wp-content\/uploads\/wire-rope-annealing-tapering-machine.mp4\" poster=\"\/wp-content\/uploads\/wire-rope-annealing-tapering-machine-thumb.jpg\"><\/video><\/p>\n<h2>Drahtseilgl\u00fch-, Trenn- und Anspitzmaschine<\/h2>\n<p><video src=\"\/wp-content\/uploads\/1000-kn-testbed.mp4\" poster=\"\/wp-content\/uploads\/1000-kn-testbed-thumb.jpg\"><\/video><\/p>\n<h2> 1000 kN Zugpr\u00fcfmaschine<\/h2>\n<p><video src=\"\/wp-content\/uploads\/sahm-splice-image.mp4\" poster=\"\/wp-content\/uploads\/sahm-splice-image-thumb-1.jpg\"><\/video><\/p>\n<h2>Arne Niemann \u00fcber unsere Produkte<\/h2>\n<div>Haben Sie Fragen?<\/div>\n<div>Dann kontaktieren Sie uns gerne telefonisch oder per E-Mail.<\/div>\n<p>\n    <a href=\"\/de\/kontakt\/\">kontakt<\/a>\n<\/p>\n<p><!--more--><br \/>\n<!-- {\"type\":\"layout\",\"children\":[{\"name\":\"Hero\",\"type\":\"section\",\"props\":{\"class\":\"demo\",\"header_transparent\":\"light\",\"header_transparent_noplaceholder\":false,\"image\":\"wp-content\\\/uploads\\\/ferrules-bg-01-big.jpg\",\"image_parallax_bgx\":\"0,-60\",\"image_parallax_breakpoint\":\"s\",\"image_position\":\"center-center\",\"image_size\":\"cover\",\"image_width\":\"1920\",\"media_overlay\":\"rgba(17, 17, 17, 0.8)\",\"style\":\"secondary\",\"title_breakpoint\":\"xl\",\"title_position\":\"top-left\",\"title_rotation\":\"left\",\"vertical_align\":\"middle\",\"width\":\"large\"},\"children\":[{\"type\":\"row\",\"props\":{\"margin\":\"large\"},\"children\":[{\"type\":\"column\",\"props\":{\"image_effect\":\"parallax\",\"image_parallax_bgy\":\"-10,-90\",\"image_parallax_easing\":\"1\",\"image_position\":\"center-center\",\"position_sticky_breakpoint\":\"m\",\"width_medium\":\"1-1\"},\"children\":[{\"type\":\"headline\",\"props\":{\"animation\":\"none\",\"block_align\":\"center\",\"content\":\"Videos\",\"margin\":\"small\",\"maxwidth\":\"xlarge\",\"parallax_breakpoint\":\"s\",\"parallax_end\":\"5vh + 5%\",\"parallax_opacity\":\"1,0\",\"text_align\":\"center\",\"text_align_fallback\":\"center\",\"title_decoration\":\"line\",\"title_element\":\"h1\"}},{\"type\":\"text\",\"props\":{\"block_align\":\"center\",\"column_breakpoint\":\"m\",\"content\":\"\n\n<p>Abonieren Sie unseren <a href=\\\"https:\\\/\\\/www.youtube.com\\\/channel\\\/UC4qvVHqdbdoM_wN4zSlGokQ\\\" target=\\\"_blank\\\" rel=\\\"noopener\\\" class=\\\"uk-link\\\">YouTube-Kanal<\\\/a> und erfahren Sie mehr \\u00fcber das mechanische Splei\\u00dfen und unsere Produkte.<\\\/p>\",\"margin\":\"default\",\"maxwidth\":\"xlarge\",\"text_align\":\"center\",\"text_style\":\"lead\"}}]}]}]},{\"name\":\"Hero\",\"type\":\"section\",\"props\":{\"class\":\"demo\",\"header_transparent\":\"light\",\"header_transparent_noplaceholder\":false,\"image_parallax_bgx\":\"0,-60\",\"image_parallax_breakpoint\":\"s\",\"image_position\":\"center-center\",\"image_size\":\"cover\",\"image_width\":\"1920\",\"media_overlay\":\"rgba(17, 17, 17, 0.8)\",\"style\":\"muted\",\"title_breakpoint\":\"xl\",\"title_position\":\"top-left\",\"title_rotation\":\"left\",\"vertical_align\":\"middle\",\"width\":\"large\"},\"children\":[{\"type\":\"row\",\"props\":{\"layout\":\"1-3,1-3,1-3\",\"margin\":\"large\",\"row_gap\":\"large\"},\"children\":[{\"type\":\"column\",\"props\":{\"image_position\":\"center-center\",\"position_sticky_breakpoint\":\"m\",\"width_medium\":\"1-3\"},\"children\":[{\"type\":\"video\",\"props\":{\"margin\":\"small\",\"video\":\"wp-content\\\/uploads\\\/12500kN-Swager-Rigging-Arm-720p.mp4\",\"video_controls\":true,\"video_height\":\"480\",\"video_lazyload\":true,\"video_playsinline\":false,\"video_poster\":\"wp-content\\\/uploads\\\/12500kN-Swager-Rigging-Arm-poster.jpg\",\"video_width\":\"854\"}},{\"type\":\"headline\",\"props\":{\"content\":\"12500 kN Presse mit Rigging Arm\",\"margin\":\"small\",\"title_element\":\"h2\",\"title_style\":\"h4\"}}]},{\"type\":\"column\",\"props\":{\"image_position\":\"center-center\",\"position_sticky_breakpoint\":\"m\",\"width_medium\":\"1-3\"},\"children\":[{\"type\":\"video\",\"props\":{\"margin\":\"small\",\"video\":\"wp-content\\\/uploads\\\/3000kN-Test-Bed-ae-720p.mp4\",\"video_controls\":true,\"video_height\":\"480\",\"video_lazyload\":true,\"video_playsinline\":false,\"video_poster\":\"wp-content\\\/uploads\\\/3000kN-Test-Bed-poster.jpg\",\"video_width\":\"854\"}},{\"type\":\"headline\",\"props\":{\"content\":\"3000 kN Zugpr\\u00fcfmaschine\",\"margin\":\"small\",\"title_element\":\"h2\",\"title_style\":\"h4\"}}]},{\"type\":\"column\",\"props\":{\"image_position\":\"center-center\",\"position_sticky_breakpoint\":\"m\",\"width_medium\":\"1-3\"},\"children\":[{\"type\":\"video\",\"props\":{\"margin\":\"small\",\"video\":\"wp-content\\\/uploads\\\/415kn-one-column-swaging-machine.mp4\",\"video_controls\":true,\"video_height\":\"480\",\"video_lazyload\":true,\"video_playsinline\":false,\"video_poster\":\"wp-content\\\/uploads\\\/415kn-one-column-swaging-machine-thumb.jpg\",\"video_width\":\"854\"}},{\"type\":\"headline\",\"props\":{\"content\":\"415 kN PLUS Oberkolbenpresse\",\"margin\":\"small\",\"title_element\":\"h2\",\"title_style\":\"h4\"}}]}]},{\"type\":\"row\",\"props\":{\"layout\":\"1-3,1-3,1-3\",\"margin\":\"large\",\"row_gap\":\"large\"},\"children\":[{\"type\":\"column\",\"props\":{\"image_position\":\"center-center\",\"position_sticky_breakpoint\":\"m\",\"width_medium\":\"1-3\"},\"children\":[{\"type\":\"video\",\"props\":{\"margin\":\"small\",\"video\":\"wp-content\\\/uploads\\\/6000kn-hydraulic-swager.mp4\",\"video_controls\":true,\"video_height\":\"480\",\"video_lazyload\":true,\"video_playsinline\":false,\"video_poster\":\"wp-content\\\/uploads\\\/6000kn-hydraulic-swager-thumb.jpg\",\"video_width\":\"854\"}},{\"type\":\"headline\",\"props\":{\"content\":\"6 000 kN Eins\\u00e4ulenpresse\",\"margin\":\"small\",\"title_element\":\"h2\",\"title_style\":\"h4\"}}]},{\"type\":\"column\",\"props\":{\"image_position\":\"center-center\",\"position_sticky_breakpoint\":\"m\",\"width_medium\":\"1-3\"},\"children\":[{\"type\":\"video\",\"props\":{\"margin\":\"small\",\"video\":\"wp-content\\\/uploads\\\/250kn-mobile-hydraulic-swager.mp4\",\"video_controls\":true,\"video_height\":\"480\",\"video_lazyload\":true,\"video_playsinline\":false,\"video_poster\":\"wp-content\\\/uploads\\\/250kn-mobile-hydraulic-swager-thumb.jpg\",\"video_width\":\"854\"}},{\"type\":\"headline\",\"props\":{\"content\":\"250 kN Elektro-hydraulische Presse\",\"margin\":\"small\",\"title_element\":\"h2\",\"title_style\":\"h4\"}}]},{\"type\":\"column\",\"props\":{\"image_position\":\"center-center\",\"position_sticky_breakpoint\":\"m\",\"width_medium\":\"1-3\"},\"children\":[{\"type\":\"video\",\"props\":{\"margin\":\"small\",\"video\":\"wp-content\\\/uploads\\\/415kn-one-column-swaging-machine.mp4\",\"video_controls\":true,\"video_height\":\"480\",\"video_lazyload\":true,\"video_playsinline\":false,\"video_poster\":\"wp-content\\\/uploads\\\/415kn-one-column-swaging-machine-thumb.jpg\",\"video_width\":\"854\"}},{\"type\":\"headline\",\"props\":{\"content\":\"415 kN PLUS Oberkolbenpresse\",\"margin\":\"small\",\"title_element\":\"h2\",\"title_style\":\"h4\"}}]}]},{\"type\":\"row\",\"props\":{\"layout\":\"1-3,1-3,1-3\",\"margin\":\"large\",\"row_gap\":\"large\"},\"children\":[{\"type\":\"column\",\"props\":{\"image_position\":\"center-center\",\"position_sticky_breakpoint\":\"m\",\"width_medium\":\"1-3\"},\"children\":[{\"type\":\"video\",\"props\":{\"margin\":\"small\",\"video\":\"wp-content\\\/uploads\\\/6000kn-hydraulic-swager.mp4\",\"video_controls\":true,\"video_height\":\"480\",\"video_lazyload\":true,\"video_playsinline\":false,\"video_poster\":\"wp-content\\\/uploads\\\/6000kn-hydraulic-swager-thumb.jpg\",\"video_width\":\"854\"}},{\"type\":\"headline\",\"props\":{\"content\":\"6 000 kN Eins\\u00e4ulenpresse\",\"margin\":\"small\",\"title_element\":\"h2\",\"title_style\":\"h4\"}}]},{\"type\":\"column\",\"props\":{\"image_position\":\"center-center\",\"position_sticky_breakpoint\":\"m\",\"width_medium\":\"1-3\"},\"children\":[{\"type\":\"video\",\"props\":{\"margin\":\"small\",\"video\":\"wp-content\\\/uploads\\\/250kn-mobile-hydraulic-swager.mp4\",\"video_controls\":true,\"video_height\":\"480\",\"video_lazyload\":true,\"video_playsinline\":false,\"video_poster\":\"wp-content\\\/uploads\\\/250kn-mobile-hydraulic-swager-thumb.jpg\",\"video_width\":\"854\"}},{\"type\":\"headline\",\"props\":{\"content\":\"250 kN Elektro-hydraulische Presse\",\"margin\":\"small\",\"title_element\":\"h2\",\"title_style\":\"h4\"}}]},{\"type\":\"column\",\"props\":{\"image_position\":\"center-center\",\"position_sticky_breakpoint\":\"m\",\"width_medium\":\"1-3\"},\"children\":[{\"type\":\"video\",\"props\":{\"margin\":\"small\",\"video\":\"wp-content\\\/uploads\\\/40000kn-hydraulic-swager.mp4\",\"video_controls\":true,\"video_height\":\"480\",\"video_lazyload\":true,\"video_playsinline\":false,\"video_poster\":\"wp-content\\\/uploads\\\/40000kn-hydraulic-swager-thumb.jpg\",\"video_width\":\"854\"}},{\"type\":\"headline\",\"props\":{\"content\":\"40 000 kN Oberkolbenpresse\",\"margin\":\"small\",\"title_element\":\"h2\",\"title_style\":\"h4\"}}]}]},{\"type\":\"row\",\"props\":{\"layout\":\"1-3,1-3,1-3\",\"margin\":\"large\",\"row_gap\":\"large\"},\"children\":[{\"type\":\"column\",\"props\":{\"image_position\":\"center-center\",\"position_sticky_breakpoint\":\"m\",\"width_medium\":\"1-3\"},\"children\":[{\"type\":\"video\",\"props\":{\"margin\":\"small\",\"video\":\"wp-content\\\/uploads\\\/testbed-options.mp4\",\"video_controls\":true,\"video_height\":\"480\",\"video_lazyload\":true,\"video_playsinline\":false,\"video_poster\":\"wp-content\\\/uploads\\\/testbed-options-thumb.jpg\",\"video_width\":\"854\"}},{\"type\":\"headline\",\"props\":{\"content\":\"Optionen f\\u00fcr Zugpr\\u00fcfmaschinen\",\"margin\":\"small\",\"title_element\":\"h2\",\"title_style\":\"h4\"}}]},{\"type\":\"column\",\"props\":{\"image_position\":\"center-center\",\"position_sticky_breakpoint\":\"m\",\"width_medium\":\"1-3\"},\"children\":[{\"type\":\"video\",\"props\":{\"margin\":\"small\",\"video\":\"wp-content\\\/uploads\\\/wire-rope-annealing-tapering-machine.mp4\",\"video_controls\":true,\"video_height\":\"480\",\"video_lazyload\":true,\"video_playsinline\":false,\"video_poster\":\"wp-content\\\/uploads\\\/wire-rope-annealing-tapering-machine-thumb.jpg\",\"video_width\":\"854\"}},{\"type\":\"headline\",\"props\":{\"content\":\"Drahtseilgl\\u00fch-, Trenn- und Anspitzmaschine\",\"margin\":\"small\",\"title_element\":\"h2\",\"title_style\":\"h4\"}}]},{\"type\":\"column\",\"props\":{\"image_position\":\"center-center\",\"position_sticky_breakpoint\":\"m\",\"width_medium\":\"1-3\"},\"children\":[{\"type\":\"video\",\"props\":{\"margin\":\"small\",\"video\":\"wp-content\\\/uploads\\\/1000-kn-testbed.mp4\",\"video_controls\":true,\"video_height\":\"480\",\"video_lazyload\":true,\"video_playsinline\":false,\"video_poster\":\"wp-content\\\/uploads\\\/1000-kn-testbed-thumb.jpg\",\"video_width\":\"854\"}},{\"type\":\"headline\",\"props\":{\"content\":\" 1000 kN Zugpr\\u00fcfmaschine\",\"margin\":\"small\",\"title_element\":\"h2\",\"title_style\":\"h4\"}}]}]},{\"type\":\"row\",\"props\":{\"layout\":\"1-3,1-3,1-3\",\"margin\":\"large\",\"row_gap\":\"large\"},\"children\":[{\"type\":\"column\",\"props\":{\"image_position\":\"center-center\",\"position_sticky_breakpoint\":\"m\",\"width_medium\":\"1-3\"},\"children\":[{\"type\":\"video\",\"props\":{\"margin\":\"small\",\"video\":\"wp-content\\\/uploads\\\/sahm-splice-image.mp4\",\"video_controls\":true,\"video_height\":\"480\",\"video_lazyload\":true,\"video_playsinline\":false,\"video_poster\":\"wp-content\\\/uploads\\\/sahm-splice-image-thumb-1.jpg\",\"video_width\":\"854\"}},{\"type\":\"headline\",\"props\":{\"content\":\"Arne Niemann \\u00fcber unsere Produkte\",\"margin\":\"small\",\"title_element\":\"h2\",\"title_style\":\"h4\"}}]},{\"type\":\"column\",\"props\":{\"image_position\":\"center-center\",\"position_sticky_breakpoint\":\"m\",\"width_medium\":\"1-3\"}},{\"type\":\"column\",\"props\":{\"image_position\":\"center-center\",\"position_sticky_breakpoint\":\"m\",\"width_medium\":\"1-3\"}}]}]},{\"name\":\"Hero\",\"type\":\"section\",\"props\":{\"class\":\"demo\",\"header_transparent\":\"light\",\"header_transparent_noplaceholder\":false,\"image\":\"wp-content\\\/uploads\\\/ferrules-bg-01-big.jpg\",\"image_parallax_bgx\":\"0,-60\",\"image_parallax_breakpoint\":\"s\",\"image_position\":\"center-center\",\"image_size\":\"cover\",\"image_width\":\"1920\",\"media_overlay\":\"rgba(17, 17, 17, 0.8)\",\"status\":\"disabled\",\"style\":\"secondary\",\"title_breakpoint\":\"xl\",\"title_position\":\"top-left\",\"title_rotation\":\"left\",\"vertical_align\":\"middle\",\"width\":\"large\"},\"children\":[{\"type\":\"row\",\"props\":{\"margin\":\"large\"},\"children\":[{\"type\":\"column\",\"props\":{\"image_effect\":\"parallax\",\"image_parallax_bgy\":\"-10,-90\",\"image_parallax_easing\":\"1\",\"image_position\":\"center-center\",\"position_sticky_breakpoint\":\"m\",\"width_medium\":\"1-1\"},\"children\":[{\"type\":\"headline\",\"props\":{\"animation\":\"none\",\"block_align\":\"center\",\"content\":\"Videos\",\"margin\":\"small\",\"maxwidth\":\"xlarge\",\"parallax_breakpoint\":\"s\",\"parallax_end\":\"5vh + 5%\",\"parallax_opacity\":\"1,0\",\"text_align\":\"center\",\"text_align_fallback\":\"center\",\"title_decoration\":\"line\",\"title_element\":\"h1\"}},{\"type\":\"text\",\"props\":{\"block_align\":\"center\",\"column_breakpoint\":\"m\",\"content\":\"Subscribe to our YouTube channel and learn more about splicing and our products.\",\"margin\":\"default\",\"maxwidth\":\"xlarge\",\"text_align\":\"center\",\"text_style\":\"lead\"}}]}]},{\"type\":\"row\",\"props\":{\"layout\":\"1-3,1-3,1-3\",\"margin\":\"large\",\"row_gap\":\"large\"},\"children\":[{\"type\":\"column\",\"props\":{\"image_position\":\"center-center\",\"position_sticky_breakpoint\":\"m\",\"width_medium\":\"1-3\"},\"children\":[{\"type\":\"video\",\"props\":{\"margin\":\"small\",\"video\":\"https:\\\/\\\/youtu.be\\\/7a5h6IGn3FY\",\"video_controls\":true,\"video_height\":\"480\",\"video_lazyload\":true,\"video_playsinline\":false,\"video_width\":\"854\"}},{\"type\":\"headline\",\"props\":{\"content\":\"415 KN One Column Swaging Machine\",\"margin\":\"small\",\"title_element\":\"h2\",\"title_style\":\"h4\"}}]},{\"type\":\"column\",\"props\":{\"image_position\":\"center-center\",\"position_sticky_breakpoint\":\"m\",\"width_medium\":\"1-3\"},\"children\":[{\"type\":\"video\",\"props\":{\"margin\":\"small\",\"video\":\"https:\\\/\\\/youtu.be\\\/Mj0QzmKKy-s\",\"video_controls\":true,\"video_height\":\"480\",\"video_lazyload\":true,\"video_playsinline\":false,\"video_width\":\"854\"}},{\"type\":\"headline\",\"props\":{\"content\":\"6 000 kN hydraulic Swager\",\"margin\":\"small\",\"title_element\":\"h2\",\"title_style\":\"h4\"}}]},{\"type\":\"column\",\"props\":{\"image_position\":\"center-center\",\"position_sticky_breakpoint\":\"m\",\"width_medium\":\"1-3\"},\"children\":[{\"type\":\"video\",\"props\":{\"margin\":\"small\",\"video\":\"https:\\\/\\\/youtu.be\\\/inO7epo4fOQ\",\"video_controls\":true,\"video_height\":\"480\",\"video_lazyload\":true,\"video_playsinline\":false,\"video_width\":\"854\"}},{\"type\":\"headline\",\"props\":{\"content\":\"250 kN mobile hydraulic Swager\",\"margin\":\"small\",\"title_element\":\"h2\",\"title_style\":\"h4\"}}]}]},{\"type\":\"row\",\"props\":{\"layout\":\"1-3,1-3,1-3\",\"margin\":\"large\",\"row_gap\":\"large\"},\"children\":[{\"type\":\"column\",\"props\":{\"image_position\":\"center-center\",\"position_sticky_breakpoint\":\"m\",\"width_medium\":\"1-3\"},\"children\":[{\"type\":\"video\",\"props\":{\"margin\":\"small\",\"video\":\"https:\\\/\\\/youtu.be\\\/aBM85M512Dw\",\"video_controls\":true,\"video_height\":\"480\",\"video_lazyload\":true,\"video_playsinline\":false,\"video_width\":\"854\"}},{\"type\":\"headline\",\"props\":{\"content\":\"40 000 kN hydraulic Swager\",\"margin\":\"small\",\"title_element\":\"h2\",\"title_style\":\"h4\"}}]},{\"type\":\"column\",\"props\":{\"image_position\":\"center-center\",\"position_sticky_breakpoint\":\"m\",\"width_medium\":\"1-3\"},\"children\":[{\"type\":\"video\",\"props\":{\"margin\":\"small\",\"video\":\"https:\\\/\\\/youtu.be\\\/2keij6l1g_U\",\"video_controls\":true,\"video_height\":\"480\",\"video_lazyload\":true,\"video_playsinline\":false,\"video_width\":\"854\"}},{\"type\":\"headline\",\"props\":{\"content\":\"Testbed Options\",\"margin\":\"small\",\"title_element\":\"h2\",\"title_style\":\"h4\"}}]},{\"type\":\"column\",\"props\":{\"image_position\":\"center-center\",\"position_sticky_breakpoint\":\"m\",\"width_medium\":\"1-3\"},\"children\":[{\"type\":\"video\",\"props\":{\"margin\":\"small\",\"video\":\"https:\\\/\\\/youtu.be\\\/CJIbRXpf5yE\",\"video_controls\":true,\"video_height\":\"480\",\"video_lazyload\":true,\"video_playsinline\":false,\"video_width\":\"854\"}},{\"type\":\"headline\",\"props\":{\"content\":\"Wire rope Annealing & Tapering Machine\",\"margin\":\"small\",\"title_element\":\"h2\",\"title_style\":\"h4\"}}]}]},{\"type\":\"row\",\"props\":{\"layout\":\"1-3,1-3,1-3\",\"margin\":\"large\",\"row_gap\":\"large\"},\"children\":[{\"type\":\"column\",\"props\":{\"image_position\":\"center-center\",\"position_sticky_breakpoint\":\"m\",\"width_medium\":\"1-3\"},\"children\":[{\"type\":\"video\",\"props\":{\"margin\":\"small\",\"video\":\"https:\\\/\\\/youtu.be\\\/mf06E7a5gy8\",\"video_controls\":true,\"video_height\":\"480\",\"video_lazyload\":true,\"video_playsinline\":false,\"video_width\":\"854\"}},{\"type\":\"headline\",\"props\":{\"content\":\" 1000 kN Testbed\",\"margin\":\"small\",\"title_element\":\"h2\",\"title_style\":\"h4\"}}]},{\"type\":\"column\",\"props\":{\"image_position\":\"center-center\",\"position_sticky_breakpoint\":\"m\",\"width_medium\":\"1-3\"}},{\"type\":\"column\",\"props\":{\"image_position\":\"center-center\",\"position_sticky_breakpoint\":\"m\",\"width_medium\":\"1-3\"}}]}]},{\"type\":\"section\",\"props\":{\"image\":\"\\\/wp-content\\\/uploads\\\/SS-schlaufe-bg-top-left.svg\",\"image_effect\":\"fixed\",\"image_position\":\"center-left\",\"media_overlay\":\"rgba(242, 242, 242, 0.8)\",\"padding\":\"large\",\"style\":\"muted\",\"title_breakpoint\":\"xl\",\"title_position\":\"top-left\",\"title_rotation\":\"left\",\"vertical_align\":\"middle\",\"width\":\"large\"},\"children\":[{\"type\":\"row\",\"props\":{\"margin\":\"medium\",\"width\":\"small\"},\"children\":[{\"type\":\"column\",\"props\":{\"image_position\":\"center-center\",\"position_sticky_breakpoint\":\"m\",\"width_medium\":\"1-1\"},\"children\":[{\"type\":\"headline\",\"props\":{\"content\":\"Haben Sie Fragen?\",\"margin_remove_bottom\":true,\"text_align\":\"center\",\"title_element\":\"div\",\"title_style\":\"heading-small\"}},{\"type\":\"text\",\"props\":{\"column_breakpoint\":\"m\",\"content\":\"Dann kontaktieren Sie uns gerne telefonisch oder per E-Mail.\",\"margin\":\"default\",\"margin_remove_top\":true,\"text_align\":\"center\",\"text_style\":\"lead\"}}]}]},{\"type\":\"row\",\"props\":{\"column_gap\":\"small\",\"row_gap\":\"small\"},\"children\":[{\"type\":\"column\",\"props\":{\"image_position\":\"center-center\",\"position_sticky_breakpoint\":\"m\",\"width_medium\":\"1-1\"},\"children\":[{\"type\":\"button\",\"props\":{\"grid_column_gap\":\"medium\",\"grid_row_gap\":\"medium\",\"margin\":\"default\",\"text_align\":\"center\"},\"children\":[{\"type\":\"button_item\",\"props\":{\"button_style\":\"primary\",\"content\":\"kontakt\",\"icon\":\"\",\"icon_align\":\"left\",\"link\":\"de\\\/kontakt\\\/\"}}]}]}]}]}],\"version\":\"4.3.7\"} --><\/p>\n","protected":false},"excerpt":{"rendered":"<p>Videos Abonieren Sie unseren YouTube-Kanal und erfahren Sie mehr \u00fcber das mechanische Splei\u00dfen und unsere Produkte. 12500 kN Presse mit Rigging Arm 3000 kN Zugpr\u00fcfmaschine 415 kN PLUS Oberkolbenpresse 6 000 kN Eins\u00e4ulenpresse 250 kN Elektro-hydraulische Presse 415 kN PLUS Oberkolbenpresse 6 000 kN Eins\u00e4ulenpresse 250 kN Elektro-hydraulische Presse 40 000 kN Oberkolbenpresse Optionen f\u00fcr [&hellip;]<\/p>\n","protected":false},"author":1,"featured_media":0,"parent":0,"menu_order":10,"comment_status":"closed","ping_status":"open","template":"","meta":{"footnotes":""},"class_list":["post-10341","page","type-page","status-publish","hentry"],"_links":{"self":[{"href":"https:\/\/stage.sahm-splice.com\/de\/wp-json\/wp\/v2\/pages\/10341","targetHints":{"allow":["GET"]}}],"collection":[{"href":"https:\/\/stage.sahm-splice.com\/de\/wp-json\/wp\/v2\/pages"}],"about":[{"href":"https:\/\/stage.sahm-splice.com\/de\/wp-json\/wp\/v2\/types\/page"}],"author":[{"embeddable":true,"href":"https:\/\/stage.sahm-splice.com\/de\/wp-json\/wp\/v2\/users\/1"}],"replies":[{"embeddable":true,"href":"https:\/\/stage.sahm-splice.com\/de\/wp-json\/wp\/v2\/comments?post=10341"}],"version-history":[{"count":0,"href":"https:\/\/stage.sahm-splice.com\/de\/wp-json\/wp\/v2\/pages\/10341\/revisions"}],"wp:attachment":[{"href":"https:\/\/stage.sahm-splice.com\/de\/wp-json\/wp\/v2\/media?parent=10341"}],"curies":[{"name":"wp","href":"https:\/\/api.w.org\/{rel}","templated":true}]}}